{"id":8979,"date":"2024-01-08T21:18:24","date_gmt":"2024-01-08T14:18:24","guid":{"rendered":"https:\/\/cvlc.edu.vn\/admissions\/thu-tuc-dang-ki-thi-nang-luc-tieng-viet\/"},"modified":"2024-03-17T22:46:00","modified_gmt":"2024-03-17T15:46:00","slug":"vietnamese-proficiency-test","status":"publish","type":"page","link":"https:\/\/cvlc.edu.vn\/en\/admissions\/vietnamese-proficiency-test\/","title":{"rendered":"Procedures for registration of Vietnamese proficiency test"},"content":{"rendered":"<section class=\"l-section wpb_row us_custom_4d0e78a5 height_auto color_primary\"><div class=\"l-section-h i-cf\"><div class=\"g-cols vc_row via_flex valign_middle type_default stacking_default\"><div class=\"vc_col-sm-12 wpb_column vc_column_container\"><div class=\"vc_column-inner\"><div class=\"wpb_wrapper\"><div class=\"w-separator size_huge\"><\/div><div class=\"w-text us_custom_e7751c12 has_text_color\"><a href=\"\/en\/admissions\/\" class=\"w-text-h\"><span class=\"w-text-value\">Admissions<\/span><\/a><\/div><h2 class=\"w-text\"><span class=\"w-text-h\"><span class=\"w-text-value\">Procedures for registration of Vietnamese proficiency test<\/span><\/span><\/h2><div class=\"wpb_text_column us_custom_38e07046\"><div class=\"wpb_wrapper\"><p>Preferential exam fees for candidates who have studied at VLC<\/p>\n<\/div><\/div><div class=\"w-separator size_large\"><\/div><\/div><\/div><\/div><\/div><\/div><\/section><section class=\"l-section wpb_row height_huge\"><div class=\"l-section-h i-cf\"><div class=\"g-cols vc_row via_flex valign_top type_default stacking_default\"><div class=\"vc_col-sm-8 wpb_column vc_column_container\"><div class=\"vc_column-inner\"><div class=\"wpb_wrapper\"><div class=\"wpb_text_column\"><div class=\"wpb_wrapper\"><p>The University of Social Sciences and Humanities, Vietnam National University, Hanoi is one of the units allowed to organize an exam to assess Vietnamese language proficiency according to the Vietnamese Language Competency Framework for foreigners by the Ministry of Education and Training. Candidates can register for the exam at the VLC, the procedures for registration are as follows:<\/p>\n<ol>\n<li>Copy of of the first page of the passport<\/li>\n<li>Registration form for the Vietnamese Proficiency Test (with attached file)<\/li>\n<li>Two 4 x 6 photos<\/li>\n<li>Exam fee:<br \/>\n+ For candidates who do not study Vietnamese at the Center or study less than 60 class-hours: 3,800,000 VND<br \/>\n+ For candidates who study Vietnamese at the Center for 60 lessons or more (within 6 months before the Vietnamese Proficiency Exam): 2,500,000 VND<\/li>\n<\/ol>\n<\/div><\/div><\/div><\/div><\/div><div class=\"vc_col-sm-4 wpb_column vc_column_container\"><div class=\"vc_column-inner\"><div class=\"wpb_wrapper\"><\/div><\/div><\/div><\/div><\/div><\/section>\n","protected":false},"excerpt":{"rendered":"AdmissionsProcedures for registration of Vietnamese proficiency testPreferential exam fees for candidates who have studied at VLC The University of Social Sciences and Humanities, Vietnam National University, Hanoi is one of the units allowed to organize an exam to assess Vietnamese language proficiency according to the Vietnamese Language Competency Framework for foreigners by the Ministry of...","protected":false},"author":1,"featured_media":0,"parent":8969,"menu_order":0,"comment_status":"closed","ping_status":"closed","template":"","meta":{"footnotes":""},"class_list":["post-8979","page","type-page","status-publish","hentry"],"yoast_head":"<!-- This site is optimized with the Yoast SEO plugin v24.1 - https:\/\/yoast.com\/wordpress\/plugins\/seo\/ -->\n<title>Procedures for registration of Vietnamese proficiency test | VLC<\/title>\n<meta name=\"robots\" content=\"index, follow, max-snippet:-1, max-image-preview:large, max-video-preview:-1\" \/>\n<link rel=\"canonical\" href=\"https:\/\/cvlc.edu.vn\/en\/admissions\/vietnamese-proficiency-test\/\" \/>\n<meta property=\"og:locale\" content=\"en_US\" \/>\n<meta property=\"og:type\" content=\"article\" \/>\n<meta property=\"og:title\" content=\"Procedures for registration of Vietnamese proficiency test | VLC\" \/>\n<meta property=\"og:url\" content=\"https:\/\/cvlc.edu.vn\/en\/admissions\/vietnamese-proficiency-test\/\" \/>\n<meta property=\"og:site_name\" content=\"VLC\" \/>\n<meta property=\"article:modified_time\" content=\"2024-03-17T15:46:00+00:00\" \/>\n<meta name=\"twitter:card\" content=\"summary_large_image\" \/>\n<meta name=\"twitter:label1\" content=\"Est. reading time\" \/>\n\t<meta name=\"twitter:data1\" content=\"1 minute\" \/>\n<script type=\"application\/ld+json\" class=\"yoast-schema-graph\">{\"@context\":\"https:\/\/schema.org\",\"@graph\":[{\"@type\":\"WebPage\",\"@id\":\"https:\/\/cvlc.edu.vn\/en\/admissions\/vietnamese-proficiency-test\/\",\"url\":\"https:\/\/cvlc.edu.vn\/en\/admissions\/vietnamese-proficiency-test\/\",\"name\":\"Procedures for registration of Vietnamese proficiency test | VLC\",\"isPartOf\":{\"@id\":\"https:\/\/cvlc.edu.vn\/en\/#website\"},\"datePublished\":\"2024-01-08T14:18:24+00:00\",\"dateModified\":\"2024-03-17T15:46:00+00:00\",\"breadcrumb\":{\"@id\":\"https:\/\/cvlc.edu.vn\/en\/admissions\/vietnamese-proficiency-test\/#breadcrumb\"},\"inLanguage\":\"en-US\",\"potentialAction\":[{\"@type\":\"ReadAction\",\"target\":[\"https:\/\/cvlc.edu.vn\/en\/admissions\/vietnamese-proficiency-test\/\"]}]},{\"@type\":\"BreadcrumbList\",\"@id\":\"https:\/\/cvlc.edu.vn\/en\/admissions\/vietnamese-proficiency-test\/#breadcrumb\",\"itemListElement\":[{\"@type\":\"ListItem\",\"position\":1,\"name\":\"Home\",\"item\":\"https:\/\/cvlc.edu.vn\/en\/\"},{\"@type\":\"ListItem\",\"position\":2,\"name\":\"Admissions\",\"item\":\"https:\/\/cvlc.edu.vn\/en\/admissions\/\"},{\"@type\":\"ListItem\",\"position\":3,\"name\":\"Procedures for registration of Vietnamese proficiency test\"}]},{\"@type\":\"WebSite\",\"@id\":\"https:\/\/cvlc.edu.vn\/en\/#website\",\"url\":\"https:\/\/cvlc.edu.vn\/en\/\",\"name\":\"Trung t\u00e2m Ng\u00f4n ng\u1eef v\u00e0 V\u0103n ho\u00e1 Vi\u1ec7t Nam\",\"description\":\"Trung t\u00e2m Ng\u00f4n ng\u1eef v\u00e0 V\u0103n ho\u00e1 Vi\u1ec7t Nam\",\"alternateName\":\"cvlc.edu.vn\",\"potentialAction\":[{\"@type\":\"SearchAction\",\"target\":{\"@type\":\"EntryPoint\",\"urlTemplate\":\"https:\/\/cvlc.edu.vn\/en\/?s={search_term_string}\"},\"query-input\":{\"@type\":\"PropertyValueSpecification\",\"valueRequired\":true,\"valueName\":\"search_term_string\"}}],\"inLanguage\":\"en-US\"}]}<\/script>\n<!-- \/ Yoast SEO plugin. -->","yoast_head_json":{"title":"Procedures for registration of Vietnamese proficiency test | VLC","robots":{"index":"index","follow":"follow","max-snippet":"max-snippet:-1","max-image-preview":"max-image-preview:large","max-video-preview":"max-video-preview:-1"},"canonical":"https:\/\/cvlc.edu.vn\/en\/admissions\/vietnamese-proficiency-test\/","og_locale":"en_US","og_type":"article","og_title":"Procedures for registration of Vietnamese proficiency test | VLC","og_url":"https:\/\/cvlc.edu.vn\/en\/admissions\/vietnamese-proficiency-test\/","og_site_name":"VLC","article_modified_time":"2024-03-17T15:46:00+00:00","twitter_card":"summary_large_image","twitter_misc":{"Est. reading time":"1 minute"},"schema":{"@context":"https:\/\/schema.org","@graph":[{"@type":"WebPage","@id":"https:\/\/cvlc.edu.vn\/en\/admissions\/vietnamese-proficiency-test\/","url":"https:\/\/cvlc.edu.vn\/en\/admissions\/vietnamese-proficiency-test\/","name":"Procedures for registration of Vietnamese proficiency test | VLC","isPartOf":{"@id":"https:\/\/cvlc.edu.vn\/en\/#website"},"datePublished":"2024-01-08T14:18:24+00:00","dateModified":"2024-03-17T15:46:00+00:00","breadcrumb":{"@id":"https:\/\/cvlc.edu.vn\/en\/admissions\/vietnamese-proficiency-test\/#breadcrumb"},"inLanguage":"en-US","potentialAction":[{"@type":"ReadAction","target":["https:\/\/cvlc.edu.vn\/en\/admissions\/vietnamese-proficiency-test\/"]}]},{"@type":"BreadcrumbList","@id":"https:\/\/cvlc.edu.vn\/en\/admissions\/vietnamese-proficiency-test\/#breadcrumb","itemListElement":[{"@type":"ListItem","position":1,"name":"Home","item":"https:\/\/cvlc.edu.vn\/en\/"},{"@type":"ListItem","position":2,"name":"Admissions","item":"https:\/\/cvlc.edu.vn\/en\/admissions\/"},{"@type":"ListItem","position":3,"name":"Procedures for registration of Vietnamese proficiency test"}]},{"@type":"WebSite","@id":"https:\/\/cvlc.edu.vn\/en\/#website","url":"https:\/\/cvlc.edu.vn\/en\/","name":"Trung t\u00e2m Ng\u00f4n ng\u1eef v\u00e0 V\u0103n ho\u00e1 Vi\u1ec7t Nam","description":"Trung t\u00e2m Ng\u00f4n ng\u1eef v\u00e0 V\u0103n ho\u00e1 Vi\u1ec7t Nam","alternateName":"cvlc.edu.vn","potentialAction":[{"@type":"SearchAction","target":{"@type":"EntryPoint","urlTemplate":"https:\/\/cvlc.edu.vn\/en\/?s={search_term_string}"},"query-input":{"@type":"PropertyValueSpecification","valueRequired":true,"valueName":"search_term_string"}}],"inLanguage":"en-US"}]}},"_links":{"self":[{"href":"https:\/\/cvlc.edu.vn\/en\/wp-json\/wp\/v2\/pages\/8979","targetHints":{"allow":["GET"]}}],"collection":[{"href":"https:\/\/cvlc.edu.vn\/en\/wp-json\/wp\/v2\/pages"}],"about":[{"href":"https:\/\/cvlc.edu.vn\/en\/wp-json\/wp\/v2\/types\/page"}],"author":[{"embeddable":true,"href":"https:\/\/cvlc.edu.vn\/en\/wp-json\/wp\/v2\/users\/1"}],"replies":[{"embeddable":true,"href":"https:\/\/cvlc.edu.vn\/en\/wp-json\/wp\/v2\/comments?post=8979"}],"version-history":[{"count":2,"href":"https:\/\/cvlc.edu.vn\/en\/wp-json\/wp\/v2\/pages\/8979\/revisions"}],"predecessor-version":[{"id":8981,"href":"https:\/\/cvlc.edu.vn\/en\/wp-json\/wp\/v2\/pages\/8979\/revisions\/8981"}],"up":[{"embeddable":true,"href":"https:\/\/cvlc.edu.vn\/en\/wp-json\/wp\/v2\/pages\/8969"}],"wp:attachment":[{"href":"https:\/\/cvlc.edu.vn\/en\/wp-json\/wp\/v2\/media?parent=8979"}],"curies":[{"name":"wp","href":"https:\/\/api.w.org\/{rel}","templated":true}]}}