{"id":8975,"date":"2023-07-10T13:06:51","date_gmt":"2023-07-10T06:06:51","guid":{"rendered":"https:\/\/cvlc.edu.vn\/admissions\/visa\/"},"modified":"2024-03-17T23:35:24","modified_gmt":"2024-03-17T16:35:24","slug":"visa","status":"publish","type":"page","link":"https:\/\/cvlc.edu.vn\/en\/admissions\/visa\/","title":{"rendered":"Student visa"},"content":{"rendered":"<section class=\"l-section wpb_row us_custom_4d0e78a5 height_auto color_primary\"><div class=\"l-section-h i-cf\"><div class=\"g-cols vc_row via_flex valign_middle type_default stacking_default\"><div class=\"vc_col-sm-12 wpb_column vc_column_container\"><div class=\"vc_column-inner\"><div class=\"wpb_wrapper\"><div class=\"w-separator size_huge\"><\/div><div class=\"w-text us_custom_e7751c12 has_text_color\"><a href=\"\/en\/admissions\/\" class=\"w-text-h\"><span class=\"w-text-value\">Admissions<\/span><\/a><\/div><h2 class=\"w-text\"><span class=\"w-text-h\"><span class=\"w-text-value\">Student visa<\/span><\/span><\/h2><div class=\"wpb_text_column us_custom_38e07046\"><div class=\"wpb_wrapper\"><p>Instructions for registering for visa support services and visa extension procedures<\/p>\n<\/div><\/div><div class=\"w-separator size_large\"><\/div><\/div><\/div><\/div><\/div><\/div><\/section><section class=\"l-section wpb_row height_medium\"><div class=\"l-section-h i-cf\"><div class=\"g-cols vc_row via_flex valign_top type_default stacking_default\"><div class=\"vc_col-sm-9 wpb_column vc_column_container\"><div class=\"vc_column-inner\"><div class=\"wpb_wrapper\"><div class=\"wpb_text_column\"><div class=\"wpb_wrapper\"><p class=\"s2\"><span class=\"s8\">In order to apply for<\/span><span class=\"s8\"> a<\/span><span class=\"s8\"> student visa, you<\/span> <span class=\"s8\">need to submit the following documents:<\/span><\/p>\n<ul>\n<li class=\"s2\"><span class=\"s8\">Your <\/span><span class=\"s8\">curriculum vitae<\/span><\/li>\n<li class=\"s2\"><span class=\"s8\">The <a href=\"https:\/\/cvlc.edu.vn\/wp-content\/uploads\/2023\/07\/Form-Application-for-Admission.doc\">application for admission<\/a>. In the item \u201cThe <\/span><span class=\"s8\">intended length<\/span><span class=\"s8\"> of stay in Vietnam\u201d please write exactly the <\/span><span class=\"s8\">date you want<\/span> <span class=\"s8\">to enter Vietnam. For example: 20\/10<\/span><span class=\"s8\">\/201<\/span><span class=\"s8\">7<\/span><span class=\"s8\"> \u2013 <\/span><span class=\"s8\">20<\/span><span class=\"s8\">\/<\/span><span class=\"s8\">1<\/span><span class=\"s8\">\/201<\/span><span class=\"s8\">8<\/span><span class=\"s8\">. In the item \u201cPlace you wish to receive your visa<\/span><span class=\"s8\">\u201d you \u00a0should write <\/span><span class=\"s8\">The Embassy of Vietnam<\/span><span class=\"s8\">\u00a0in<\/span><span class=\"s8\"> the country you wish to receive your visa or <\/span><span class=\"s8\">The Consulate of Vietnam<\/span><span class=\"s8\"> \u00a0in <\/span><span class=\"s8\">the country you wish to receive your visa<\/span><span class=\"s8\">.<\/span><\/li>\n<li class=\"s2\">The photocopy of the first page of your passport.<\/li>\n<\/ul>\n<p class=\"s2\"><span class=\"s8\">It is possible for you to send all the documents by PDF file<\/span><span class=\"s8\"> via email: <\/span><a href=\"mailto:ussh.cvlc@gmail.com\"><span class=\"s9\">ussh.cvlc@gmail.com<\/span><\/a><\/p>\n<p class=\"s2\"><span class=\"s7\">The Immigration Office will decide if your applications will be approved or not. If the application is approved, <\/span><span class=\"s8\">i<\/span><span class=\"s8\">t takes about <\/span><span class=\"s8\">4<\/span><span class=\"s8\"> weeks (from <\/span><span class=\"s8\">when <\/span><span class=\"s8\">you submit all the documents) to get the <\/span><span class=\"s8\">Invitation Letter<\/span> <span class=\"s8\">from the Immigration Office<\/span><span class=\"s8\">. When we receive the <\/span><span class=\"s8\">Letter<\/span><span class=\"s8\">, we will <\/span><span class=\"s8\">contact you by email<\/span><span class=\"s8\">. Please bring the <\/span><span class=\"s8\">Letter<\/span><span class=\"s8\"> to Vietnamese Embassy in the country which is written in the application to get it.\u00a0<\/span><span class=\"s8\">(<\/span><span class=\"s8\">It is necessary for you to get the visa in the country which has the Embassy of Vietnam, or Consulate of Vietnam, but not in Vietnam<\/span><span class=\"s8\">)<\/span><span class=\"s8\">.<\/span><\/p>\n<p class=\"s2\"><span class=\"s8\">You should pay the visa fee at \u00a0the Embassy of Vietnam in your country and pay <\/span><span class=\"s8\">1.000.000VND <\/span><span class=\"s8\">for the <\/span><span class=\"s8\">visa support fee<\/span><span class=\"s8\"> for the University<\/span><span class=\"s8\">.<\/span><\/p>\n<p class=\"s2\"><span class=\"s8\">T<\/span><span class=\"s8\">he Immigration Office will decide<\/span><span class=\"s8\"> when <\/span><span class=\"s8\">you can get the v<\/span><span class=\"s8\">isa and the period of your visa. N<\/span><span class=\"s8\">ormally, students just can get <\/span><span class=\"s8\">a <\/span><span class=\"s8\">single <\/span><span class=\"s8\">3-month<\/span><span class=\"s8\"> visa for the first time,<\/span><span class=\"s8\"> after that, if you extend the student visa,<\/span><span class=\"s8\"> it should be for 6 months and multiple visa.\u00a0<\/span><\/p>\n<p class=\"s2\"><span class=\"s8\">If you use student visa, you <\/span><span class=\"s10\">need to study at least <\/span><span class=\"s10\">10<\/span><span class=\"s10\"> hours\/week in our c<\/span><span class=\"s10\">enter<\/span><span class=\"s8\"> and <\/span><span class=\"s10\">it is impossible for you to work on <\/span><span class=\"s10\">a <\/span><span class=\"s10\">student visa<\/span><span class=\"s8\">.<\/span><\/p>\n<p class=\"s11\"><span class=\"s8\">Please <\/span><span class=\"s8\">note<\/span><span class=\"s8\"> that if you continue to study and want to extend the visa, it is necessary for you to come our office to extend your visa 2 weeks before the expired date of your visa. <\/span><span class=\"s8\">During this<\/span><span class=\"s8\">period, please do not travel until you get your visa back. <\/span><span class=\"s8\">(<\/span><span class=\"s8\">If you do not come our office to extend the visa on time we do not extend the visa for you<\/span><span class=\"s8\">)<\/span><span class=\"s8\">. <\/span><\/p>\n<p class=\"s11\"><span class=\"s8\">In the case you have<\/span><span class=\"s8\"> a student visa, but the visa was<\/span><span class=\"s8\"> guaranteed by another university, not the University of Social Sciences and Humanities, yo<\/span><span class=\"s8\">u will not be able to extend this<\/span><span class=\"s8\"> visa in our university. You will have to <\/span><span class=\"s8\">re-<\/span><span class=\"s8\">apply <\/span><span class=\"s8\">for a new <\/span><span class=\"s8\">student visa <\/span><span class=\"s8\">through<\/span><span class=\"s8\"> our university.<\/span><\/p>\n<\/div><\/div><\/div><\/div><\/div><div class=\"vc_col-sm-3 wpb_column vc_column_container\"><div class=\"vc_column-inner\"><div class=\"wpb_wrapper\"><\/div><\/div><\/div><\/div><\/div><\/section>\n","protected":false},"excerpt":{"rendered":"AdmissionsStudent visaInstructions for registering for visa support services and visa extension procedures In order to apply for a student visa, you need to submit the following documents: Your curriculum vitae The application for admission. In the item \u201cThe intended length of stay in Vietnam\u201d please write exactly the date you want to enter Vietnam. For...","protected":false},"author":1,"featured_media":0,"parent":8969,"menu_order":0,"comment_status":"closed","ping_status":"closed","template":"","meta":{"footnotes":""},"class_list":["post-8975","page","type-page","status-publish","hentry"],"yoast_head":"<!-- This site is optimized with the Yoast SEO plugin v24.1 - https:\/\/yoast.com\/wordpress\/plugins\/seo\/ -->\n<title>Student visa | VLC<\/title>\n<meta name=\"description\" content=\"H\u01b0\u1edbng d\u1eabn \u0111\u0103ng k\u00ed d\u1ecbch v\u1ee5 h\u1ed7 tr\u1ee3 xin visa v\u00e0 th\u1ee7 t\u1ee5c gia h\u1ea1n visa cho h\u1ecdc vi\u00ean c\u1ee7a Trung t\u00e2m Ng\u00f4n ng\u1eef v\u00e0 V\u0103n ho\u00e1 Vi\u1ec7t Nam\" \/>\n<meta name=\"robots\" content=\"index, follow, max-snippet:-1, max-image-preview:large, max-video-preview:-1\" \/>\n<link rel=\"canonical\" href=\"https:\/\/cvlc.edu.vn\/en\/admissions\/visa\/\" \/>\n<meta property=\"og:locale\" content=\"en_US\" \/>\n<meta property=\"og:type\" content=\"article\" \/>\n<meta property=\"og:title\" content=\"Student visa | VLC\" \/>\n<meta property=\"og:description\" content=\"H\u01b0\u1edbng d\u1eabn \u0111\u0103ng k\u00ed d\u1ecbch v\u1ee5 h\u1ed7 tr\u1ee3 xin visa v\u00e0 th\u1ee7 t\u1ee5c gia h\u1ea1n visa cho h\u1ecdc vi\u00ean c\u1ee7a Trung t\u00e2m Ng\u00f4n ng\u1eef v\u00e0 V\u0103n ho\u00e1 Vi\u1ec7t Nam\" \/>\n<meta property=\"og:url\" content=\"https:\/\/cvlc.edu.vn\/en\/admissions\/visa\/\" \/>\n<meta property=\"og:site_name\" content=\"VLC\" \/>\n<meta property=\"article:modified_time\" content=\"2024-03-17T16:35:24+00:00\" \/>\n<meta name=\"twitter:card\" content=\"summary_large_image\" \/>\n<meta name=\"twitter:label1\" content=\"Est. reading time\" \/>\n\t<meta name=\"twitter:data1\" content=\"3 minutes\" \/>\n<script type=\"application\/ld+json\" class=\"yoast-schema-graph\">{\"@context\":\"https:\/\/schema.org\",\"@graph\":[{\"@type\":\"WebPage\",\"@id\":\"https:\/\/cvlc.edu.vn\/en\/admissions\/visa\/\",\"url\":\"https:\/\/cvlc.edu.vn\/en\/admissions\/visa\/\",\"name\":\"Student visa | VLC\",\"isPartOf\":{\"@id\":\"https:\/\/cvlc.edu.vn\/en\/#website\"},\"datePublished\":\"2023-07-10T06:06:51+00:00\",\"dateModified\":\"2024-03-17T16:35:24+00:00\",\"description\":\"H\u01b0\u1edbng d\u1eabn \u0111\u0103ng k\u00ed d\u1ecbch v\u1ee5 h\u1ed7 tr\u1ee3 xin visa v\u00e0 th\u1ee7 t\u1ee5c gia h\u1ea1n visa cho h\u1ecdc vi\u00ean c\u1ee7a Trung t\u00e2m Ng\u00f4n ng\u1eef v\u00e0 V\u0103n ho\u00e1 Vi\u1ec7t Nam\",\"breadcrumb\":{\"@id\":\"https:\/\/cvlc.edu.vn\/en\/admissions\/visa\/#breadcrumb\"},\"inLanguage\":\"en-US\",\"potentialAction\":[{\"@type\":\"ReadAction\",\"target\":[\"https:\/\/cvlc.edu.vn\/en\/admissions\/visa\/\"]}]},{\"@type\":\"BreadcrumbList\",\"@id\":\"https:\/\/cvlc.edu.vn\/en\/admissions\/visa\/#breadcrumb\",\"itemListElement\":[{\"@type\":\"ListItem\",\"position\":1,\"name\":\"Home\",\"item\":\"https:\/\/cvlc.edu.vn\/en\/\"},{\"@type\":\"ListItem\",\"position\":2,\"name\":\"Admissions\",\"item\":\"https:\/\/cvlc.edu.vn\/en\/admissions\/\"},{\"@type\":\"ListItem\",\"position\":3,\"name\":\"Student visa\"}]},{\"@type\":\"WebSite\",\"@id\":\"https:\/\/cvlc.edu.vn\/en\/#website\",\"url\":\"https:\/\/cvlc.edu.vn\/en\/\",\"name\":\"Trung t\u00e2m Ng\u00f4n ng\u1eef v\u00e0 V\u0103n ho\u00e1 Vi\u1ec7t Nam\",\"description\":\"Trung t\u00e2m Ng\u00f4n ng\u1eef v\u00e0 V\u0103n ho\u00e1 Vi\u1ec7t Nam\",\"alternateName\":\"cvlc.edu.vn\",\"potentialAction\":[{\"@type\":\"SearchAction\",\"target\":{\"@type\":\"EntryPoint\",\"urlTemplate\":\"https:\/\/cvlc.edu.vn\/en\/?s={search_term_string}\"},\"query-input\":{\"@type\":\"PropertyValueSpecification\",\"valueRequired\":true,\"valueName\":\"search_term_string\"}}],\"inLanguage\":\"en-US\"}]}<\/script>\n<!-- \/ Yoast SEO plugin. -->","yoast_head_json":{"title":"Student visa | VLC","description":"H\u01b0\u1edbng d\u1eabn \u0111\u0103ng k\u00ed d\u1ecbch v\u1ee5 h\u1ed7 tr\u1ee3 xin visa v\u00e0 th\u1ee7 t\u1ee5c gia h\u1ea1n visa cho h\u1ecdc vi\u00ean c\u1ee7a Trung t\u00e2m Ng\u00f4n ng\u1eef v\u00e0 V\u0103n ho\u00e1 Vi\u1ec7t Nam","robots":{"index":"index","follow":"follow","max-snippet":"max-snippet:-1","max-image-preview":"max-image-preview:large","max-video-preview":"max-video-preview:-1"},"canonical":"https:\/\/cvlc.edu.vn\/en\/admissions\/visa\/","og_locale":"en_US","og_type":"article","og_title":"Student visa | VLC","og_description":"H\u01b0\u1edbng d\u1eabn \u0111\u0103ng k\u00ed d\u1ecbch v\u1ee5 h\u1ed7 tr\u1ee3 xin visa v\u00e0 th\u1ee7 t\u1ee5c gia h\u1ea1n visa cho h\u1ecdc vi\u00ean c\u1ee7a Trung t\u00e2m Ng\u00f4n ng\u1eef v\u00e0 V\u0103n ho\u00e1 Vi\u1ec7t Nam","og_url":"https:\/\/cvlc.edu.vn\/en\/admissions\/visa\/","og_site_name":"VLC","article_modified_time":"2024-03-17T16:35:24+00:00","twitter_card":"summary_large_image","twitter_misc":{"Est. reading time":"3 minutes"},"schema":{"@context":"https:\/\/schema.org","@graph":[{"@type":"WebPage","@id":"https:\/\/cvlc.edu.vn\/en\/admissions\/visa\/","url":"https:\/\/cvlc.edu.vn\/en\/admissions\/visa\/","name":"Student visa | VLC","isPartOf":{"@id":"https:\/\/cvlc.edu.vn\/en\/#website"},"datePublished":"2023-07-10T06:06:51+00:00","dateModified":"2024-03-17T16:35:24+00:00","description":"H\u01b0\u1edbng d\u1eabn \u0111\u0103ng k\u00ed d\u1ecbch v\u1ee5 h\u1ed7 tr\u1ee3 xin visa v\u00e0 th\u1ee7 t\u1ee5c gia h\u1ea1n visa cho h\u1ecdc vi\u00ean c\u1ee7a Trung t\u00e2m Ng\u00f4n ng\u1eef v\u00e0 V\u0103n ho\u00e1 Vi\u1ec7t Nam","breadcrumb":{"@id":"https:\/\/cvlc.edu.vn\/en\/admissions\/visa\/#breadcrumb"},"inLanguage":"en-US","potentialAction":[{"@type":"ReadAction","target":["https:\/\/cvlc.edu.vn\/en\/admissions\/visa\/"]}]},{"@type":"BreadcrumbList","@id":"https:\/\/cvlc.edu.vn\/en\/admissions\/visa\/#breadcrumb","itemListElement":[{"@type":"ListItem","position":1,"name":"Home","item":"https:\/\/cvlc.edu.vn\/en\/"},{"@type":"ListItem","position":2,"name":"Admissions","item":"https:\/\/cvlc.edu.vn\/en\/admissions\/"},{"@type":"ListItem","position":3,"name":"Student visa"}]},{"@type":"WebSite","@id":"https:\/\/cvlc.edu.vn\/en\/#website","url":"https:\/\/cvlc.edu.vn\/en\/","name":"Trung t\u00e2m Ng\u00f4n ng\u1eef v\u00e0 V\u0103n ho\u00e1 Vi\u1ec7t Nam","description":"Trung t\u00e2m Ng\u00f4n ng\u1eef v\u00e0 V\u0103n ho\u00e1 Vi\u1ec7t Nam","alternateName":"cvlc.edu.vn","potentialAction":[{"@type":"SearchAction","target":{"@type":"EntryPoint","urlTemplate":"https:\/\/cvlc.edu.vn\/en\/?s={search_term_string}"},"query-input":{"@type":"PropertyValueSpecification","valueRequired":true,"valueName":"search_term_string"}}],"inLanguage":"en-US"}]}},"_links":{"self":[{"href":"https:\/\/cvlc.edu.vn\/en\/wp-json\/wp\/v2\/pages\/8975","targetHints":{"allow":["GET"]}}],"collection":[{"href":"https:\/\/cvlc.edu.vn\/en\/wp-json\/wp\/v2\/pages"}],"about":[{"href":"https:\/\/cvlc.edu.vn\/en\/wp-json\/wp\/v2\/types\/page"}],"author":[{"embeddable":true,"href":"https:\/\/cvlc.edu.vn\/en\/wp-json\/wp\/v2\/users\/1"}],"replies":[{"embeddable":true,"href":"https:\/\/cvlc.edu.vn\/en\/wp-json\/wp\/v2\/comments?post=8975"}],"version-history":[{"count":4,"href":"https:\/\/cvlc.edu.vn\/en\/wp-json\/wp\/v2\/pages\/8975\/revisions"}],"predecessor-version":[{"id":8991,"href":"https:\/\/cvlc.edu.vn\/en\/wp-json\/wp\/v2\/pages\/8975\/revisions\/8991"}],"up":[{"embeddable":true,"href":"https:\/\/cvlc.edu.vn\/en\/wp-json\/wp\/v2\/pages\/8969"}],"wp:attachment":[{"href":"https:\/\/cvlc.edu.vn\/en\/wp-json\/wp\/v2\/media?parent=8975"}],"curies":[{"name":"wp","href":"https:\/\/api.w.org\/{rel}","templated":true}]}}