{"id":8966,"date":"2023-07-09T02:00:55","date_gmt":"2023-07-08T19:00:55","guid":{"rendered":"https:\/\/cvlc.edu.vn\/classes-and-tuition\/"},"modified":"2024-03-17T22:37:11","modified_gmt":"2024-03-17T15:37:11","slug":"classes-and-tuition","status":"publish","type":"page","link":"https:\/\/cvlc.edu.vn\/en\/admissions\/classes-and-tuition\/","title":{"rendered":"Classes and Tuition"},"content":{"rendered":"<section class=\"l-section wpb_row us_custom_4d0e78a5 height_auto color_primary\"><div class=\"l-section-h i-cf\"><div class=\"g-cols vc_row via_flex valign_middle type_default stacking_default\"><div class=\"vc_col-sm-2\/5 wpb_column vc_column_container\"><div class=\"vc_column-inner\"><div class=\"wpb_wrapper\"><div class=\"w-separator size_huge\"><\/div><div class=\"w-text us_custom_e7751c12 has_text_color\"><a href=\"\/en\/admissions\/\" class=\"w-text-h\"><span class=\"w-text-value\">Admissions<\/span><\/a><\/div><h2 class=\"w-text\"><span class=\"w-text-h\"><span class=\"w-text-value\">Courses &amp; Fees<\/span><\/span><\/h2><div class=\"wpb_text_column us_custom_38e07046\"><div class=\"wpb_wrapper\"><p>VLC has regular and accelerated classes with flexible options in terms of location, teacher and number of students.<\/p>\n<\/div><\/div><div class=\"w-separator size_large\"><\/div><\/div><\/div><\/div><div class=\"vc_col-sm-3\/5 wpb_column vc_column_container\"><div class=\"vc_column-inner\"><div class=\"wpb_wrapper\"><div class=\"w-image us_custom_bea5620e has_ratio align_none\"><div class=\"w-image-h\"><div style=\"padding-bottom:75%\"><\/div><img decoding=\"async\" width=\"1200\" height=\"800\" src=\"https:\/\/cvlc.edu.vn\/wp-content\/uploads\/2023\/07\/paratime.vn-LCV-0046.jpg\" class=\"attachment-full size-full\" alt=\"\" loading=\"lazy\" srcset=\"https:\/\/cvlc.edu.vn\/wp-content\/uploads\/2023\/07\/paratime.vn-LCV-0046.jpg 1200w, https:\/\/cvlc.edu.vn\/wp-content\/uploads\/2023\/07\/paratime.vn-LCV-0046-300x200.jpg 300w, https:\/\/cvlc.edu.vn\/wp-content\/uploads\/2023\/07\/paratime.vn-LCV-0046-1024x683.jpg 1024w, https:\/\/cvlc.edu.vn\/wp-content\/uploads\/2023\/07\/paratime.vn-LCV-0046-600x400.jpg 600w\" sizes=\"auto, (max-width: 1200px) 100vw, 1200px\" \/><\/div><\/div><\/div><\/div><\/div><\/div><\/div><\/section><section class=\"l-section wpb_row height_large\"><div class=\"l-section-h i-cf\"><div class=\"g-cols vc_row via_flex valign_top type_default stacking_default\"><div class=\"vc_col-sm-9 wpb_column vc_column_container\"><div class=\"vc_column-inner\"><div class=\"wpb_wrapper\"><div class=\"wpb_text_column\"><div class=\"wpb_wrapper\"><p style=\"font-weight: 400;\"><strong>\u00a0<\/strong><\/p>\n<p><strong>1. Short courses<\/strong><\/p>\n<p><strong><em>1.1. In our <\/em><\/strong><strong><em>Center<\/em><\/strong><\/p>\n<table style=\"font-weight: 400;\">\n<tbody>\n<tr>\n<td width=\"197\"><strong><em>Type of classes<\/em><\/strong><\/td>\n<td width=\"233\"><strong><em>Fees<\/em><\/strong><strong><em> (<\/em><\/strong><strong><em>Usd\/person\/class-hour<\/em><\/strong><strong><em>)<\/em><\/strong><\/td>\n<\/tr>\n<tr>\n<td width=\"197\">One-on-one class<\/td>\n<td width=\"233\">10.4<\/td>\n<\/tr>\n<tr>\n<td width=\"197\">2 student class<\/td>\n<td width=\"233\">8.4<\/td>\n<\/tr>\n<tr>\n<td width=\"197\">3 student class<\/td>\n<td width=\"233\">7.5<\/td>\n<\/tr>\n<tr>\n<td width=\"197\">4 student class<\/td>\n<td width=\"233\">6.7<\/td>\n<\/tr>\n<tr>\n<td width=\"197\">5 student class<\/td>\n<td width=\"233\">6.0<\/td>\n<\/tr>\n<tr>\n<td width=\"197\">6 student class<\/td>\n<td width=\"233\">5.0<\/td>\n<\/tr>\n<tr>\n<td width=\"197\">Classes including 7 students or more<\/td>\n<td width=\"233\">4.2<\/td>\n<\/tr>\n<\/tbody>\n<\/table>\n<p><strong><em>1.2. Out of the Center<\/em><\/strong><\/p>\n<table style=\"font-weight: 400;\">\n<tbody>\n<tr>\n<td width=\"197\"><strong><em>Type of classes<\/em><\/strong><\/td>\n<td width=\"233\"><strong><em>Fees<\/em><\/strong><strong><em> (<\/em><\/strong><strong><em>usd\/person\/class-hour<\/em><\/strong><strong><em>)<\/em><\/strong><\/td>\n<\/tr>\n<tr>\n<td width=\"197\">One-on-one class<\/td>\n<td width=\"233\">14.6<\/td>\n<\/tr>\n<tr>\n<td width=\"197\">2 student class<\/td>\n<td width=\"233\">10.4<\/td>\n<\/tr>\n<tr>\n<td width=\"197\">3 student class<\/td>\n<td width=\"233\">9.6<\/td>\n<\/tr>\n<tr>\n<td width=\"197\">4 student class<\/td>\n<td width=\"233\">8.8<\/td>\n<\/tr>\n<tr>\n<td width=\"197\">5 student class<\/td>\n<td width=\"233\">7.9<\/td>\n<\/tr>\n<tr>\n<td width=\"197\">6 student class<\/td>\n<td width=\"233\">7.1<\/td>\n<\/tr>\n<tr>\n<td width=\"197\">Classes including 7 students or more<\/td>\n<td width=\"233\">6.3<\/td>\n<\/tr>\n<\/tbody>\n<\/table>\n<p style=\"font-weight: 400;\"><strong><em>(Please note that the fee for out of the Center classes is for tuition only and does not include other costs, e.g ticket, transportation etc)<\/em><\/strong><strong><em>\u00a0<\/em><\/strong><\/p>\n<p><strong><em>1.3. Online courses via zoom, google meet, skype<\/em><\/strong><\/p>\n<table style=\"font-weight: 400;\">\n<tbody>\n<tr>\n<td width=\"197\"><strong><em>Type of classes<\/em><\/strong><\/td>\n<td width=\"233\"><strong><em>Fees<\/em><\/strong><strong><em> (<\/em><\/strong><strong><em>usd\/person\/class-hour<\/em><\/strong><strong><em>)<\/em><\/strong><\/td>\n<\/tr>\n<tr>\n<td width=\"197\">One-on-one class<\/td>\n<td width=\"233\">9.6<\/td>\n<\/tr>\n<tr>\n<td width=\"197\">2 student class<\/td>\n<td width=\"233\">6.3<\/td>\n<\/tr>\n<tr>\n<td width=\"197\">3\u2013 4student class<\/td>\n<td width=\"233\">4.2<\/td>\n<\/tr>\n<tr>\n<td width=\"197\">5 \u2013 7 student class<\/td>\n<td width=\"233\">3.4<\/td>\n<\/tr>\n<\/tbody>\n<\/table>\n<p style=\"font-weight: 400;\"><strong><em>\u00a0<\/em><\/strong><\/p>\n<p><strong>2. Contract classes<\/strong><strong>: <\/strong>Term are determined on a per-contract basis.<\/p>\n<p><strong>3. S<\/strong><strong>pecialized classes:<\/strong><\/p>\n<table style=\"font-weight: 400;\">\n<tbody>\n<tr>\n<td width=\"197\"><strong><em>Type of classes<\/em><\/strong><\/td>\n<td width=\"246\"><strong><em>Fees<\/em><\/strong><strong><em> (<\/em><\/strong><strong><em>usd\/person\/class-hour<\/em><\/strong><strong><em>)<\/em><\/strong><\/td>\n<\/tr>\n<tr>\n<td width=\"197\">One-on-one class<\/td>\n<td width=\"246\">14.6 \u2013 20.8<\/td>\n<\/tr>\n<tr>\n<td width=\"197\">2 student class<\/td>\n<td width=\"246\">12.5 \u2013 18.7<\/td>\n<\/tr>\n<tr>\n<td width=\"197\">3 student class<\/td>\n<td width=\"246\">11.7<\/td>\n<\/tr>\n<tr>\n<td width=\"197\">4 student class<\/td>\n<td width=\"246\">10.9<\/td>\n<\/tr>\n<tr>\n<td width=\"197\">5 student class<\/td>\n<td width=\"246\">10<\/td>\n<\/tr>\n<tr>\n<td width=\"197\">6 student class<\/td>\n<td width=\"246\">9.2<\/td>\n<\/tr>\n<tr>\n<td width=\"197\">Classes including 7 students or more<\/td>\n<td width=\"246\">8.4<\/td>\n<\/tr>\n<\/tbody>\n<\/table>\n<p><strong>4. Classes <\/strong><strong>for students with special requirements<\/strong><strong>:<\/strong><\/p>\n<table style=\"font-weight: 400;\">\n<tbody>\n<tr>\n<td width=\"285\"><strong><em>Type of classes<\/em><\/strong><\/td>\n<td width=\"357\"><strong><em>Fees<\/em><\/strong><strong><em> (<\/em><\/strong><strong><em>usd\/person\/class-hour<\/em><\/strong><strong><em>)<\/em><\/strong><\/td>\n<\/tr>\n<tr>\n<td width=\"285\">One-on-one class<\/td>\n<td width=\"357\">12.5 \u2013 16.7<\/td>\n<\/tr>\n<tr>\n<td width=\"285\">2 student class<\/td>\n<td width=\"357\">10.4 \u2013 14.6<\/td>\n<\/tr>\n<tr>\n<td width=\"285\">3 student class<\/td>\n<td width=\"357\">9.6 \u2013 13.8<\/td>\n<\/tr>\n<tr>\n<td width=\"285\">4 student class<\/td>\n<td width=\"357\">8.8 \u2013 12.9<\/td>\n<\/tr>\n<tr>\n<td width=\"285\">5 student class<\/td>\n<td width=\"357\">7.9 \u2013 12.1<\/td>\n<\/tr>\n<tr>\n<td width=\"285\">6 student class<\/td>\n<td width=\"357\">11.3<\/td>\n<\/tr>\n<tr>\n<td width=\"285\">Classes including 7 students or more<\/td>\n<td width=\"357\">10.4<\/td>\n<\/tr>\n<\/tbody>\n<\/table>\n<p style=\"font-weight: 400;\"><strong>\u00a05. <\/strong><strong>Package classes<\/strong><\/p>\n<p>5.1. One week classes for 10 class-hours (for tourists and students following the study tour program):<\/p>\n<table style=\"font-weight: 400;\">\n<tbody>\n<tr>\n<td width=\"197\"><strong><em>Type of classes<\/em><\/strong><\/td>\n<td width=\"233\"><strong><em>Tuition fee for one student per course<\/em><\/strong><\/td>\n<td width=\"233\"><strong><em>Tuition fee for the whole course<\/em><\/strong><\/td>\n<\/tr>\n<tr>\n<td width=\"197\">One-on-one class<\/td>\n<td width=\"233\">104 usd<\/td>\n<td width=\"233\">104 usd<\/td>\n<\/tr>\n<tr>\n<td width=\"197\">2 student class<\/td>\n<td width=\"233\">84 usd<\/td>\n<td width=\"233\">168 usd<\/td>\n<\/tr>\n<tr>\n<td width=\"197\">3 student class<\/td>\n<td width=\"233\">75 usd<\/td>\n<td width=\"233\">225 usd<\/td>\n<\/tr>\n<tr>\n<td width=\"197\">4 student class<\/td>\n<td width=\"233\">67 usd<\/td>\n<td width=\"233\">268 usd<\/td>\n<\/tr>\n<tr>\n<td width=\"197\">5 student class<\/td>\n<td width=\"233\">60 usd<\/td>\n<td width=\"233\">300 usd<\/td>\n<\/tr>\n<tr>\n<td width=\"197\">6 student class<\/td>\n<td width=\"233\">50 ussd<\/td>\n<td width=\"233\">300 usd<\/td>\n<\/tr>\n<tr>\n<td width=\"197\">Classes including 7 students or more<\/td>\n<td width=\"233\">42 usd<\/td>\n<td width=\"233\">Depending on the number of students.<\/td>\n<\/tr>\n<\/tbody>\n<\/table>\n<p>5.2. One month classes for 40 class-hours (for summer programme students and those who need to study for a short time)<\/p>\n<table style=\"font-weight: 400;\">\n<tbody>\n<tr>\n<td width=\"197\"><strong><em>Type of classes<\/em><\/strong><\/td>\n<td width=\"233\"><strong><em>Tuition fee for one student per course<\/em><\/strong><\/td>\n<td width=\"233\"><strong><em>Tuition fee for the whole course<\/em><\/strong><\/td>\n<\/tr>\n<tr>\n<td width=\"197\">One-on-one class<\/td>\n<td width=\"233\">416 usd<\/td>\n<td width=\"233\">416 usd<\/td>\n<\/tr>\n<tr>\n<td width=\"197\">2 student class<\/td>\n<td width=\"233\">336 usd<\/td>\n<td width=\"233\">672 usd<\/td>\n<\/tr>\n<tr>\n<td width=\"197\">3 student class<\/td>\n<td width=\"233\">300 usd<\/td>\n<td width=\"233\">900 usd<\/td>\n<\/tr>\n<tr>\n<td width=\"197\">4 student class<\/td>\n<td width=\"233\">268 usd<\/td>\n<td width=\"233\">1,072 usd<\/td>\n<\/tr>\n<tr>\n<td width=\"197\">5 student class<\/td>\n<td width=\"233\">240 usd<\/td>\n<td width=\"233\">1,200 usd<\/td>\n<\/tr>\n<tr>\n<td width=\"197\">6 student class<\/td>\n<td width=\"233\">200 usd<\/td>\n<td width=\"233\">1,200 usd<\/td>\n<\/tr>\n<tr>\n<td width=\"197\">Classes including 7 students or more<\/td>\n<td width=\"233\">168 usd<\/td>\n<td width=\"233\">Depending on the number of students.<\/td>\n<\/tr>\n<\/tbody>\n<\/table>\n<p>5.3. Package classes for the level A1, A2, B1, B2, C1, C2 in the Center (for students preparing to enter college, students preparing to enter graduate school or for students with other needs)<\/p>\n<table style=\"font-weight: 400;\">\n<tbody>\n<tr>\n<td rowspan=\"2\" width=\"85\">&nbsp;<\/p>\n<p>Level<\/p>\n<p>(Each level is last for 120 class-hours)<\/td>\n<td colspan=\"7\" width=\"841\"><strong>Fees per person per course <\/strong><\/td>\n<\/tr>\n<tr>\n<td width=\"121\">vnd\/person\/ 120 class \u2013 hour course<\/p>\n<p>&#8211; One on one student<\/td>\n<td width=\"113\">vnd\/person\/ 120 class \u2013 hour course<\/p>\n<p>&#8211; 2 student class<\/td>\n<td width=\"113\">vnd\/person\/ 120 class \u2013 hour course<\/p>\n<p>&#8211; 3 student class<\/td>\n<td width=\"113\">vnd\/person\/ 120 class \u2013 hour course<\/p>\n<p>&#8211; 4 student class<\/td>\n<td width=\"113\">vnd\/person\/ 120 class \u2013 hour course<\/p>\n<p>&#8211; 5 student class<\/td>\n<td width=\"123\">vnd\/person\/ 120 class \u2013 hour course<\/p>\n<p>&#8211; 6 student class<\/td>\n<td width=\"144\">vnd\/person\/ 120 class \u2013 hour course<\/p>\n<p>&#8211; From 7 student up<\/td>\n<\/tr>\n<tr>\n<td width=\"85\">A1<\/td>\n<td width=\"121\">1,248 usd<\/td>\n<td width=\"113\">1,008 usd<\/td>\n<td width=\"113\">900 usd<\/td>\n<td width=\"113\">804 usd<\/td>\n<td width=\"113\">720 usd<\/td>\n<td width=\"123\">600 usd<\/td>\n<td rowspan=\"7\" width=\"144\">&nbsp;<\/p>\n<p>&nbsp;<\/p>\n<p>Depending on the number of students. The fee for each student is 4.2usd \/person\/class-hour<\/td>\n<\/tr>\n<tr>\n<td width=\"85\">A2<\/td>\n<td width=\"121\">1,248 usd<\/td>\n<td width=\"113\">1,008 usd<\/td>\n<td width=\"113\">900 usd<\/td>\n<td width=\"113\">804 usd<\/td>\n<td width=\"113\">720 usd<\/td>\n<td width=\"123\">600 usd<\/td>\n<\/tr>\n<tr>\n<td width=\"85\">B1<\/td>\n<td width=\"121\">1,248 usd<\/td>\n<td width=\"113\">1,008 usd<\/td>\n<td width=\"113\">900 usd<\/td>\n<td width=\"113\">804 usd<\/td>\n<td width=\"113\">720 usd<\/td>\n<td width=\"123\">600 usd<\/td>\n<\/tr>\n<tr>\n<td width=\"85\">B2<\/td>\n<td width=\"121\">1,248 usd<\/td>\n<td width=\"113\">1,008 usd<\/td>\n<td width=\"113\">900 usd<\/td>\n<td width=\"113\">804 usd<\/td>\n<td width=\"113\">720 usd<\/td>\n<td width=\"123\">600 usd<\/td>\n<\/tr>\n<tr>\n<td width=\"85\">C1<\/td>\n<td width=\"121\">1,248 usd<\/td>\n<td width=\"113\">1,008 usd<\/td>\n<td width=\"113\">900 usd<\/td>\n<td width=\"113\">804 usd<\/td>\n<td width=\"113\">720 usd<\/td>\n<td width=\"123\">600 usd<\/td>\n<\/tr>\n<tr>\n<td width=\"85\">C2<\/td>\n<td width=\"121\">1,248 usd<\/td>\n<td width=\"113\">1,008 usd<\/td>\n<td width=\"113\">900 usd<\/td>\n<td width=\"113\">804 usd<\/td>\n<td width=\"113\">720 usd<\/td>\n<td width=\"123\">600 usd<\/td>\n<\/tr>\n<tr>\n<td width=\"85\">In total<\/td>\n<td width=\"121\">7,488 usd<\/td>\n<td width=\"113\">6,048 usd<\/td>\n<td width=\"113\">5,400 usd<\/td>\n<td width=\"113\">4,824 usd<\/td>\n<td width=\"113\">4,320 usd<\/td>\n<td width=\"123\">3,600 usd<\/td>\n<\/tr>\n<\/tbody>\n<\/table>\n<p>5.4. Package online classes for levels: A1, A2, B1, B2, C1, C2 (for students preparing to enter college, students preparing to enter graduate school and for students with other needs):<\/p>\n<p style=\"font-weight: 400;\">Note: <strong>To ensure course quality, the maximum number of students in an online class is 7 (students).<\/strong><\/p>\n<table style=\"font-weight: 400;\">\n<tbody>\n<tr>\n<td rowspan=\"2\" width=\"186\">&nbsp;<\/p>\n<p>Level<\/p>\n<p>(Each level is last for 120 class-hours)<\/td>\n<td colspan=\"4\" width=\"744\"><strong>The fees per person per course <\/strong><\/td>\n<\/tr>\n<tr>\n<td width=\"186\">vnd\/person\/ 120 class \u2013 hour course<\/p>\n<p>&#8211; One-on-one class<\/td>\n<td width=\"186\">vnd\/person\/ 120 class \u2013 hour course<\/p>\n<p>&#8211; 2 student class<\/td>\n<td width=\"186\">vnd\/person\/ 120 class \u2013 hour course<\/p>\n<p>&#8211; 3-4 student class<\/td>\n<td width=\"186\">vnd\/person\/ 120 class \u2013 hour course<\/p>\n<p>&#8211; 5-7 student class<\/td>\n<\/tr>\n<tr>\n<td width=\"186\">A1<\/td>\n<td width=\"186\">1,152 usd<\/td>\n<td width=\"186\">756 usd<\/td>\n<td width=\"186\">504 usd<\/td>\n<td width=\"186\">408 usd<\/td>\n<\/tr>\n<tr>\n<td width=\"186\">A2<\/td>\n<td width=\"186\">1,152 usd<\/td>\n<td width=\"186\">756 usd<\/td>\n<td width=\"186\">504 usd<\/td>\n<td width=\"186\">408 usd<\/td>\n<\/tr>\n<tr>\n<td width=\"186\">B1<\/td>\n<td width=\"186\">1,152 usd<\/td>\n<td width=\"186\">756 usd<\/td>\n<td width=\"186\">504 usd<\/td>\n<td width=\"186\">408 usd<\/td>\n<\/tr>\n<tr>\n<td width=\"186\">B2<\/td>\n<td width=\"186\">1,152 usd<\/td>\n<td width=\"186\">756 usd<\/td>\n<td width=\"186\">504 usd<\/td>\n<td width=\"186\">408 usd<\/td>\n<\/tr>\n<tr>\n<td width=\"186\">C1<\/td>\n<td width=\"186\">1,152 usd<\/td>\n<td width=\"186\">756 usd<\/td>\n<td width=\"186\">504 usd<\/td>\n<td width=\"186\">408 usd<\/td>\n<\/tr>\n<tr>\n<td width=\"186\">C2<\/td>\n<td width=\"186\">1,152 usd<\/td>\n<td width=\"186\">756 usd<\/td>\n<td width=\"186\">504 usd<\/td>\n<td width=\"186\">408 usd<\/td>\n<\/tr>\n<tr>\n<td width=\"186\">In total<\/td>\n<td width=\"186\">6,912 usd<\/td>\n<td width=\"186\">4,536 usd<\/td>\n<td width=\"186\">3,024 usd<\/td>\n<td width=\"186\">2,448 usd<\/td>\n<\/tr>\n<\/tbody>\n<\/table>\n<\/div><\/div><\/div><\/div><\/div><div class=\"vc_col-sm-3 wpb_column vc_column_container\"><div class=\"vc_column-inner\"><div class=\"wpb_wrapper\"><\/div><\/div><\/div><\/div><\/div><\/section><section class=\"l-section wpb_row height_medium color_secondary\"><div class=\"l-section-h i-cf\"><div class=\"g-cols vc_row via_flex valign_top type_default stacking_default\"><div class=\"vc_col-sm-12 wpb_column vc_column_container\"><div class=\"vc_column-inner\"><div class=\"wpb_wrapper\"><div class=\"w-iconbox iconpos_top style_default color_contrast align_center no_text no_title\"><div class=\"w-iconbox-icon\" style=\"font-size:3.5rem;\"><i class=\"far fa-university\"><\/i><\/div><div class=\"w-iconbox-meta\"><\/div><\/div><div class=\"w-separator size_small\"><\/div><h3 class=\"w-text us_custom_eb849559\"><span class=\"w-text-h\"><span class=\"w-text-value\">Tham gia c\u1ed9ng \u0111\u1ed3ng VLC<\/span><\/span><\/h3><div class=\"w-btn-wrapper align_center\"><a class=\"w-btn us-btn-style_2\" href=\"\/contact\/\"><span class=\"w-btn-label\">\u0110\u0103ng k\u00ed<\/span><\/a><\/div><\/div><\/div><\/div><\/div><\/div><\/section>\n","protected":false},"excerpt":{"rendered":"AdmissionsCourses &amp; FeesVLC has regular and accelerated classes with flexible options in terms of location, teacher and number of students. \u00a0 1. Short courses 1.1. In our Center Type of classes Fees (Usd\/person\/class-hour) One-on-one class 10.4 2 student class 8.4 3 student class 7.5 4 student class 6.7 5 student class 6.0 6 student class...","protected":false},"author":1,"featured_media":0,"parent":8969,"menu_order":0,"comment_status":"closed","ping_status":"closed","template":"","meta":{"footnotes":""},"class_list":["post-8966","page","type-page","status-publish","hentry"],"yoast_head":"<!-- This site is optimized with the Yoast SEO plugin v24.1 - https:\/\/yoast.com\/wordpress\/plugins\/seo\/ -->\n<title>Classes and Tuition | VLC<\/title>\n<meta name=\"description\" content=\"CVLC c\u00f3 c\u00e1c l\u1edbp \u0111\u1ecbnh k\u00ec v\u00e0 l\u1edbp c\u1ea5p t\u1ed1c c\u00f9ng c\u00e1c l\u1ef1a ch\u1ecdn linh ho\u1ea1t v\u1ec1 \u0111\u1ecba \u0111i\u1ec3m, gi\u00e1o vi\u00ean v\u00e0 s\u1ed1 l\u01b0\u1ee3ng h\u1ecdc vi\u00ean.\" \/>\n<meta name=\"robots\" content=\"index, follow, max-snippet:-1, max-image-preview:large, max-video-preview:-1\" \/>\n<link rel=\"canonical\" href=\"https:\/\/cvlc.edu.vn\/en\/admissions\/classes-and-tuition\/\" \/>\n<meta property=\"og:locale\" content=\"en_US\" \/>\n<meta property=\"og:type\" content=\"article\" \/>\n<meta property=\"og:title\" content=\"Classes and Tuition | VLC\" \/>\n<meta property=\"og:description\" content=\"CVLC c\u00f3 c\u00e1c l\u1edbp \u0111\u1ecbnh k\u00ec v\u00e0 l\u1edbp c\u1ea5p t\u1ed1c c\u00f9ng c\u00e1c l\u1ef1a ch\u1ecdn linh ho\u1ea1t v\u1ec1 \u0111\u1ecba \u0111i\u1ec3m, gi\u00e1o vi\u00ean v\u00e0 s\u1ed1 l\u01b0\u1ee3ng h\u1ecdc vi\u00ean.\" \/>\n<meta property=\"og:url\" content=\"https:\/\/cvlc.edu.vn\/en\/admissions\/classes-and-tuition\/\" \/>\n<meta property=\"og:site_name\" content=\"VLC\" \/>\n<meta property=\"article:modified_time\" content=\"2024-03-17T15:37:11+00:00\" \/>\n<meta name=\"twitter:card\" content=\"summary_large_image\" \/>\n<meta name=\"twitter:label1\" content=\"Est. reading time\" \/>\n\t<meta name=\"twitter:data1\" content=\"4 minutes\" \/>\n<script type=\"application\/ld+json\" class=\"yoast-schema-graph\">{\"@context\":\"https:\/\/schema.org\",\"@graph\":[{\"@type\":\"WebPage\",\"@id\":\"https:\/\/cvlc.edu.vn\/en\/admissions\/classes-and-tuition\/\",\"url\":\"https:\/\/cvlc.edu.vn\/en\/admissions\/classes-and-tuition\/\",\"name\":\"Classes and Tuition | VLC\",\"isPartOf\":{\"@id\":\"https:\/\/cvlc.edu.vn\/en\/#website\"},\"datePublished\":\"2023-07-08T19:00:55+00:00\",\"dateModified\":\"2024-03-17T15:37:11+00:00\",\"description\":\"CVLC c\u00f3 c\u00e1c l\u1edbp \u0111\u1ecbnh k\u00ec v\u00e0 l\u1edbp c\u1ea5p t\u1ed1c c\u00f9ng c\u00e1c l\u1ef1a ch\u1ecdn linh ho\u1ea1t v\u1ec1 \u0111\u1ecba \u0111i\u1ec3m, gi\u00e1o vi\u00ean v\u00e0 s\u1ed1 l\u01b0\u1ee3ng h\u1ecdc vi\u00ean.\",\"breadcrumb\":{\"@id\":\"https:\/\/cvlc.edu.vn\/en\/admissions\/classes-and-tuition\/#breadcrumb\"},\"inLanguage\":\"en-US\",\"potentialAction\":[{\"@type\":\"ReadAction\",\"target\":[\"https:\/\/cvlc.edu.vn\/en\/admissions\/classes-and-tuition\/\"]}]},{\"@type\":\"BreadcrumbList\",\"@id\":\"https:\/\/cvlc.edu.vn\/en\/admissions\/classes-and-tuition\/#breadcrumb\",\"itemListElement\":[{\"@type\":\"ListItem\",\"position\":1,\"name\":\"Home\",\"item\":\"https:\/\/cvlc.edu.vn\/en\/\"},{\"@type\":\"ListItem\",\"position\":2,\"name\":\"Admissions\",\"item\":\"https:\/\/cvlc.edu.vn\/en\/admissions\/\"},{\"@type\":\"ListItem\",\"position\":3,\"name\":\"Classes and Tuition\"}]},{\"@type\":\"WebSite\",\"@id\":\"https:\/\/cvlc.edu.vn\/en\/#website\",\"url\":\"https:\/\/cvlc.edu.vn\/en\/\",\"name\":\"Trung t\u00e2m Ng\u00f4n ng\u1eef v\u00e0 V\u0103n ho\u00e1 Vi\u1ec7t Nam\",\"description\":\"Trung t\u00e2m Ng\u00f4n ng\u1eef v\u00e0 V\u0103n ho\u00e1 Vi\u1ec7t Nam\",\"alternateName\":\"cvlc.edu.vn\",\"potentialAction\":[{\"@type\":\"SearchAction\",\"target\":{\"@type\":\"EntryPoint\",\"urlTemplate\":\"https:\/\/cvlc.edu.vn\/en\/?s={search_term_string}\"},\"query-input\":{\"@type\":\"PropertyValueSpecification\",\"valueRequired\":true,\"valueName\":\"search_term_string\"}}],\"inLanguage\":\"en-US\"}]}<\/script>\n<!-- \/ Yoast SEO plugin. -->","yoast_head_json":{"title":"Classes and Tuition | VLC","description":"CVLC c\u00f3 c\u00e1c l\u1edbp \u0111\u1ecbnh k\u00ec v\u00e0 l\u1edbp c\u1ea5p t\u1ed1c c\u00f9ng c\u00e1c l\u1ef1a ch\u1ecdn linh ho\u1ea1t v\u1ec1 \u0111\u1ecba \u0111i\u1ec3m, gi\u00e1o vi\u00ean v\u00e0 s\u1ed1 l\u01b0\u1ee3ng h\u1ecdc vi\u00ean.","robots":{"index":"index","follow":"follow","max-snippet":"max-snippet:-1","max-image-preview":"max-image-preview:large","max-video-preview":"max-video-preview:-1"},"canonical":"https:\/\/cvlc.edu.vn\/en\/admissions\/classes-and-tuition\/","og_locale":"en_US","og_type":"article","og_title":"Classes and Tuition | VLC","og_description":"CVLC c\u00f3 c\u00e1c l\u1edbp \u0111\u1ecbnh k\u00ec v\u00e0 l\u1edbp c\u1ea5p t\u1ed1c c\u00f9ng c\u00e1c l\u1ef1a ch\u1ecdn linh ho\u1ea1t v\u1ec1 \u0111\u1ecba \u0111i\u1ec3m, gi\u00e1o vi\u00ean v\u00e0 s\u1ed1 l\u01b0\u1ee3ng h\u1ecdc vi\u00ean.","og_url":"https:\/\/cvlc.edu.vn\/en\/admissions\/classes-and-tuition\/","og_site_name":"VLC","article_modified_time":"2024-03-17T15:37:11+00:00","twitter_card":"summary_large_image","twitter_misc":{"Est. reading time":"4 minutes"},"schema":{"@context":"https:\/\/schema.org","@graph":[{"@type":"WebPage","@id":"https:\/\/cvlc.edu.vn\/en\/admissions\/classes-and-tuition\/","url":"https:\/\/cvlc.edu.vn\/en\/admissions\/classes-and-tuition\/","name":"Classes and Tuition | VLC","isPartOf":{"@id":"https:\/\/cvlc.edu.vn\/en\/#website"},"datePublished":"2023-07-08T19:00:55+00:00","dateModified":"2024-03-17T15:37:11+00:00","description":"CVLC c\u00f3 c\u00e1c l\u1edbp \u0111\u1ecbnh k\u00ec v\u00e0 l\u1edbp c\u1ea5p t\u1ed1c c\u00f9ng c\u00e1c l\u1ef1a ch\u1ecdn linh ho\u1ea1t v\u1ec1 \u0111\u1ecba \u0111i\u1ec3m, gi\u00e1o vi\u00ean v\u00e0 s\u1ed1 l\u01b0\u1ee3ng h\u1ecdc vi\u00ean.","breadcrumb":{"@id":"https:\/\/cvlc.edu.vn\/en\/admissions\/classes-and-tuition\/#breadcrumb"},"inLanguage":"en-US","potentialAction":[{"@type":"ReadAction","target":["https:\/\/cvlc.edu.vn\/en\/admissions\/classes-and-tuition\/"]}]},{"@type":"BreadcrumbList","@id":"https:\/\/cvlc.edu.vn\/en\/admissions\/classes-and-tuition\/#breadcrumb","itemListElement":[{"@type":"ListItem","position":1,"name":"Home","item":"https:\/\/cvlc.edu.vn\/en\/"},{"@type":"ListItem","position":2,"name":"Admissions","item":"https:\/\/cvlc.edu.vn\/en\/admissions\/"},{"@type":"ListItem","position":3,"name":"Classes and Tuition"}]},{"@type":"WebSite","@id":"https:\/\/cvlc.edu.vn\/en\/#website","url":"https:\/\/cvlc.edu.vn\/en\/","name":"Trung t\u00e2m Ng\u00f4n ng\u1eef v\u00e0 V\u0103n ho\u00e1 Vi\u1ec7t Nam","description":"Trung t\u00e2m Ng\u00f4n ng\u1eef v\u00e0 V\u0103n ho\u00e1 Vi\u1ec7t Nam","alternateName":"cvlc.edu.vn","potentialAction":[{"@type":"SearchAction","target":{"@type":"EntryPoint","urlTemplate":"https:\/\/cvlc.edu.vn\/en\/?s={search_term_string}"},"query-input":{"@type":"PropertyValueSpecification","valueRequired":true,"valueName":"search_term_string"}}],"inLanguage":"en-US"}]}},"_links":{"self":[{"href":"https:\/\/cvlc.edu.vn\/en\/wp-json\/wp\/v2\/pages\/8966","targetHints":{"allow":["GET"]}}],"collection":[{"href":"https:\/\/cvlc.edu.vn\/en\/wp-json\/wp\/v2\/pages"}],"about":[{"href":"https:\/\/cvlc.edu.vn\/en\/wp-json\/wp\/v2\/types\/page"}],"author":[{"embeddable":true,"href":"https:\/\/cvlc.edu.vn\/en\/wp-json\/wp\/v2\/users\/1"}],"replies":[{"embeddable":true,"href":"https:\/\/cvlc.edu.vn\/en\/wp-json\/wp\/v2\/comments?post=8966"}],"version-history":[{"count":4,"href":"https:\/\/cvlc.edu.vn\/en\/wp-json\/wp\/v2\/pages\/8966\/revisions"}],"predecessor-version":[{"id":8974,"href":"https:\/\/cvlc.edu.vn\/en\/wp-json\/wp\/v2\/pages\/8966\/revisions\/8974"}],"up":[{"embeddable":true,"href":"https:\/\/cvlc.edu.vn\/en\/wp-json\/wp\/v2\/pages\/8969"}],"wp:attachment":[{"href":"https:\/\/cvlc.edu.vn\/en\/wp-json\/wp\/v2\/media?parent=8966"}],"curies":[{"name":"wp","href":"https:\/\/api.w.org\/{rel}","templated":true}]}}