{"id":8951,"date":"2021-12-03T09:57:00","date_gmt":"2021-12-03T02:57:00","guid":{"rendered":"https:\/\/cvlc.edu.vn\/?page_id=8951"},"modified":"2024-10-15T18:28:17","modified_gmt":"2024-10-15T11:28:17","slug":"contact2","status":"publish","type":"page","link":"https:\/\/cvlc.edu.vn\/en\/contact2\/","title":{"rendered":"Contact"},"content":{"rendered":"<section class=\"l-section wpb_row height_huge full_height valign_center color_primary\"><div class=\"l-section-h i-cf\"><div class=\"g-cols vc_row via_flex valign_top type_default stacking_default\"><div class=\"vc_col-sm-6 wpb_column vc_column_container\"><div class=\"vc_column-inner us_custom_97a72b25\"><div class=\"wpb_wrapper\"><div class=\"wpb_text_column us_custom_f2eec366\"><div class=\"wpb_wrapper\"><h2>Contact<\/h2>\n<\/div><\/div><h4 class=\"w-text us_custom_fcea7140\"><span class=\"w-text-h\"><span class=\"w-text-value\">Center for Vietnamese Language and Culture<\/span><\/span><\/h4><p class=\"w-text us_custom_b4198c51 icon_atleft\"><a href=\"mailto:ussh.cvlc@gmail.com\" class=\"w-text-h\"><i class=\"fas fa-envelope\"><\/i><span class=\"w-text-value\">ussh.cvlc@gmail.com<\/span><\/a><\/p><p class=\"w-text us_custom_b4198c51 icon_atleft\"><a href=\"tel:024 3558 6157\" class=\"w-text-h\"><i class=\"fas fa-phone\"><\/i><span class=\"w-text-value\">024 3558 6157<\/span><\/a><\/p><p class=\"w-text us_custom_b4198c51 icon_atleft\"><span class=\"w-text-h\"><i class=\"fas fa-map-marker-alt\"><\/i><span class=\"w-text-value\">Room 405 block A, 336 Nguy\u1ec5n Tr\u00e3i &#8211; Thanh Xu\u00e2n &#8211; H\u00e0 N\u1ed9i<\/span><\/span><\/p><p class=\"w-text us_custom_b4198c51 icon_atleft\"><span class=\"w-text-h\"><i class=\"fas fa-clock\"><\/i><span class=\"w-text-value\">Monday to Friday, 08:30\u201311:30 and 14:00\u201317:00<\/span><\/span><\/p><div class=\"w-separator size_small\"><\/div><\/div><\/div><\/div><div class=\"vc_col-sm-6 wpb_column vc_column_container stretched\"><div class=\"vc_column-inner\"><div class=\"wpb_wrapper\"><div class=\"wpb_text_column\"><div class=\"wpb_wrapper\"><p><iframe loading=\"lazy\" style=\"border: 0;\" src=\"https:\/\/www.google.com\/maps\/embed?pb=!1m18!1m12!1m3!1d3724.943418538624!2d105.80491607559678!3d20.994905088939845!2m3!1f0!2f0!3f0!3m2!1i1024!2i768!4f13.1!3m3!1m2!1s0x3135ac9642e7777d%3A0x412403da0c4dd792!2sVNU%20University%20of%20Social%20Sciences%20and%20Humanities%2C%20Hanoi!5e0!3m2!1sen!2s!4v1688846380509!5m2!1sen!2s\" width=\"600\" height=\"510\" allowfullscreen=\"allowfullscreen\"><\/iframe><\/p>\n<\/div><\/div><\/div><\/div><\/div><\/div><\/div><\/section>\n","protected":false},"excerpt":{"rendered":"Contact Center for Vietnamese Language and Cultureussh.cvlc@gmail.com024 3558 6157Room 405 block A, 336 Nguy\u1ec5n Tr\u00e3i &#8211; Thanh Xu\u00e2n &#8211; H\u00e0 N\u1ed9iMonday to Friday, 08:30\u201311:30 and 14:00\u201317:00","protected":false},"author":1,"featured_media":0,"parent":0,"menu_order":0,"comment_status":"closed","ping_status":"closed","template":"","meta":{"footnotes":""},"class_list":["post-8951","page","type-page","status-publish","hentry"],"yoast_head":"<!-- This site is optimized with the Yoast SEO plugin v24.1 - https:\/\/yoast.com\/wordpress\/plugins\/seo\/ -->\n<title>Contact | VLC<\/title>\n<meta name=\"robots\" content=\"index, follow, max-snippet:-1, max-image-preview:large, max-video-preview:-1\" \/>\n<link rel=\"canonical\" href=\"https:\/\/cvlc.edu.vn\/en\/contact2\/\" \/>\n<meta property=\"og:locale\" content=\"en_US\" \/>\n<meta property=\"og:type\" content=\"article\" \/>\n<meta property=\"og:title\" content=\"Contact | VLC\" \/>\n<meta property=\"og:url\" content=\"https:\/\/cvlc.edu.vn\/en\/contact2\/\" \/>\n<meta property=\"og:site_name\" content=\"VLC\" \/>\n<meta property=\"article:modified_time\" content=\"2024-10-15T11:28:17+00:00\" \/>\n<meta name=\"twitter:card\" content=\"summary_large_image\" \/>\n<meta name=\"twitter:label1\" content=\"Est. reading time\" \/>\n\t<meta name=\"twitter:data1\" content=\"1 minute\" \/>\n<script type=\"application\/ld+json\" class=\"yoast-schema-graph\">{\"@context\":\"https:\/\/schema.org\",\"@graph\":[{\"@type\":\"WebPage\",\"@id\":\"https:\/\/cvlc.edu.vn\/en\/contact2\/\",\"url\":\"https:\/\/cvlc.edu.vn\/en\/contact2\/\",\"name\":\"Contact | VLC\",\"isPartOf\":{\"@id\":\"https:\/\/cvlc.edu.vn\/en\/#website\"},\"datePublished\":\"2021-12-03T02:57:00+00:00\",\"dateModified\":\"2024-10-15T11:28:17+00:00\",\"breadcrumb\":{\"@id\":\"https:\/\/cvlc.edu.vn\/en\/contact2\/#breadcrumb\"},\"inLanguage\":\"en-US\",\"potentialAction\":[{\"@type\":\"ReadAction\",\"target\":[\"https:\/\/cvlc.edu.vn\/en\/contact2\/\"]}]},{\"@type\":\"BreadcrumbList\",\"@id\":\"https:\/\/cvlc.edu.vn\/en\/contact2\/#breadcrumb\",\"itemListElement\":[{\"@type\":\"ListItem\",\"position\":1,\"name\":\"Home\",\"item\":\"https:\/\/cvlc.edu.vn\/en\/\"},{\"@type\":\"ListItem\",\"position\":2,\"name\":\"Contact\"}]},{\"@type\":\"WebSite\",\"@id\":\"https:\/\/cvlc.edu.vn\/en\/#website\",\"url\":\"https:\/\/cvlc.edu.vn\/en\/\",\"name\":\"Trung t\u00e2m Ng\u00f4n ng\u1eef v\u00e0 V\u0103n ho\u00e1 Vi\u1ec7t Nam\",\"description\":\"Trung t\u00e2m Ng\u00f4n ng\u1eef v\u00e0 V\u0103n ho\u00e1 Vi\u1ec7t Nam\",\"alternateName\":\"cvlc.edu.vn\",\"potentialAction\":[{\"@type\":\"SearchAction\",\"target\":{\"@type\":\"EntryPoint\",\"urlTemplate\":\"https:\/\/cvlc.edu.vn\/en\/?s={search_term_string}\"},\"query-input\":{\"@type\":\"PropertyValueSpecification\",\"valueRequired\":true,\"valueName\":\"search_term_string\"}}],\"inLanguage\":\"en-US\"}]}<\/script>\n<!-- \/ Yoast SEO plugin. -->","yoast_head_json":{"title":"Contact | VLC","robots":{"index":"index","follow":"follow","max-snippet":"max-snippet:-1","max-image-preview":"max-image-preview:large","max-video-preview":"max-video-preview:-1"},"canonical":"https:\/\/cvlc.edu.vn\/en\/contact2\/","og_locale":"en_US","og_type":"article","og_title":"Contact | VLC","og_url":"https:\/\/cvlc.edu.vn\/en\/contact2\/","og_site_name":"VLC","article_modified_time":"2024-10-15T11:28:17+00:00","twitter_card":"summary_large_image","twitter_misc":{"Est. reading time":"1 minute"},"schema":{"@context":"https:\/\/schema.org","@graph":[{"@type":"WebPage","@id":"https:\/\/cvlc.edu.vn\/en\/contact2\/","url":"https:\/\/cvlc.edu.vn\/en\/contact2\/","name":"Contact | VLC","isPartOf":{"@id":"https:\/\/cvlc.edu.vn\/en\/#website"},"datePublished":"2021-12-03T02:57:00+00:00","dateModified":"2024-10-15T11:28:17+00:00","breadcrumb":{"@id":"https:\/\/cvlc.edu.vn\/en\/contact2\/#breadcrumb"},"inLanguage":"en-US","potentialAction":[{"@type":"ReadAction","target":["https:\/\/cvlc.edu.vn\/en\/contact2\/"]}]},{"@type":"BreadcrumbList","@id":"https:\/\/cvlc.edu.vn\/en\/contact2\/#breadcrumb","itemListElement":[{"@type":"ListItem","position":1,"name":"Home","item":"https:\/\/cvlc.edu.vn\/en\/"},{"@type":"ListItem","position":2,"name":"Contact"}]},{"@type":"WebSite","@id":"https:\/\/cvlc.edu.vn\/en\/#website","url":"https:\/\/cvlc.edu.vn\/en\/","name":"Trung t\u00e2m Ng\u00f4n ng\u1eef v\u00e0 V\u0103n ho\u00e1 Vi\u1ec7t Nam","description":"Trung t\u00e2m Ng\u00f4n ng\u1eef v\u00e0 V\u0103n ho\u00e1 Vi\u1ec7t Nam","alternateName":"cvlc.edu.vn","potentialAction":[{"@type":"SearchAction","target":{"@type":"EntryPoint","urlTemplate":"https:\/\/cvlc.edu.vn\/en\/?s={search_term_string}"},"query-input":{"@type":"PropertyValueSpecification","valueRequired":true,"valueName":"search_term_string"}}],"inLanguage":"en-US"}]}},"_links":{"self":[{"href":"https:\/\/cvlc.edu.vn\/en\/wp-json\/wp\/v2\/pages\/8951","targetHints":{"allow":["GET"]}}],"collection":[{"href":"https:\/\/cvlc.edu.vn\/en\/wp-json\/wp\/v2\/pages"}],"about":[{"href":"https:\/\/cvlc.edu.vn\/en\/wp-json\/wp\/v2\/types\/page"}],"author":[{"embeddable":true,"href":"https:\/\/cvlc.edu.vn\/en\/wp-json\/wp\/v2\/users\/1"}],"replies":[{"embeddable":true,"href":"https:\/\/cvlc.edu.vn\/en\/wp-json\/wp\/v2\/comments?post=8951"}],"version-history":[{"count":3,"href":"https:\/\/cvlc.edu.vn\/en\/wp-json\/wp\/v2\/pages\/8951\/revisions"}],"predecessor-version":[{"id":9151,"href":"https:\/\/cvlc.edu.vn\/en\/wp-json\/wp\/v2\/pages\/8951\/revisions\/9151"}],"wp:attachment":[{"href":"https:\/\/cvlc.edu.vn\/en\/wp-json\/wp\/v2\/media?parent=8951"}],"curies":[{"name":"wp","href":"https:\/\/api.w.org\/{rel}","templated":true}]}}