{"id":8948,"date":"2021-12-03T09:56:55","date_gmt":"2021-12-03T02:56:55","guid":{"rendered":"https:\/\/cvlc.edu.vn\/about\/"},"modified":"2024-03-17T22:52:26","modified_gmt":"2024-03-17T15:52:26","slug":"about","status":"publish","type":"page","link":"https:\/\/cvlc.edu.vn\/en\/about\/","title":{"rendered":"About VLC"},"content":{"rendered":"<section class=\"l-section wpb_row us_custom_4d0e78a5 height_small color_primary\"><div class=\"l-section-h i-cf\"><div class=\"g-cols vc_row via_flex valign_middle type_default stacking_default\"><div class=\"vc_col-sm-6 wpb_column vc_column_container\"><div class=\"vc_column-inner\"><div class=\"wpb_wrapper\"><div class=\"w-image us_custom_a59ce729 align_none\"><div class=\"w-image-h\"><img decoding=\"async\" width=\"1024\" height=\"683\" src=\"https:\/\/cvlc.edu.vn\/wp-content\/uploads\/2023\/07\/paratime.vn-paratime.vn-LCV-0314-1024x683.jpg\" class=\"attachment-large size-large\" alt=\"\" loading=\"lazy\" srcset=\"https:\/\/cvlc.edu.vn\/wp-content\/uploads\/2023\/07\/paratime.vn-paratime.vn-LCV-0314-1024x683.jpg 1024w, https:\/\/cvlc.edu.vn\/wp-content\/uploads\/2023\/07\/paratime.vn-paratime.vn-LCV-0314-300x200.jpg 300w, https:\/\/cvlc.edu.vn\/wp-content\/uploads\/2023\/07\/paratime.vn-paratime.vn-LCV-0314-600x400.jpg 600w, https:\/\/cvlc.edu.vn\/wp-content\/uploads\/2023\/07\/paratime.vn-paratime.vn-LCV-0314.jpg 1200w\" sizes=\"auto, (max-width: 1024px) 100vw, 1024px\" \/><\/div><\/div><\/div><\/div><\/div><div class=\"vc_col-sm-6 wpb_column vc_column_container\"><div class=\"vc_column-inner\"><div class=\"wpb_wrapper\"><div class=\"w-text us_custom_e7751c12 has_text_color\"><span class=\"w-text-h\"><span class=\"w-text-value\">VLC<\/span><\/span><\/div><div class=\"wpb_text_column\"><div class=\"wpb_wrapper\"><h2>About VLC<\/h2>\n<p>Center for Vietnamese Language and Culture is a training and research unit on Vietnamese language and culture under the University of Social Sciences and Humanities \u2013 Vietnam National University H\u00e0 N\u1ed9i<\/p>\n<\/div><\/div><\/div><\/div><\/div><\/div><\/div><\/section><section class=\"l-section wpb_row height_large\"><div class=\"l-section-h i-cf\"><div class=\"g-cols vc_row via_flex valign_top type_default stacking_default\"><div class=\"vc_col-sm-6 wpb_column vc_column_container\"><div class=\"vc_column-inner\"><div class=\"wpb_wrapper\"><h3 class=\"w-text\"><span class=\"w-text-h\"><span class=\"w-text-value\">Functions and Duties<\/span><\/span><\/h3><div class=\"wpb_text_column us_custom_96cdb84c\"><div class=\"wpb_wrapper\"><p>Organizing short-term courses on Vietnamese language and culture for foreigners, and short-term courses on language and culture for Vietnamese.<\/p>\n<p>Organizing programs, projects, and research topics on Vietnamese language and culture; Compiling textbooks, lectures, reference books on language and culture.<\/p>\n<p>Cooperating with domestic and foreign training and research institutions to organize short-term training, research, and exchange programs for lecturers and students.<\/p>\n<\/div><\/div><\/div><\/div><\/div><div class=\"vc_col-sm-6 wpb_column vc_column_container\"><div class=\"vc_column-inner\"><div class=\"vc_column-overlay\" style=\"background:var(--color-header-top-transparent-bg)\"><\/div><div class=\"wpb_wrapper\"><div class=\"w-slider style_none fit_scaledown nav_none count_3\"><div class=\"w-slider-h\"><div class=\"royalSlider\"><div class=\"rsContent\"><a class=\"rsImg\" data-rsw=\"1200\" data-rsh=\"800\" href=\"https:\/\/cvlc.edu.vn\/wp-content\/uploads\/2023\/07\/paratime.vn-LCV-0024.jpg\"><span data-alt=\"\"><\/span><\/a><\/div><div class=\"rsContent\"><a class=\"rsImg\" data-rsw=\"1200\" data-rsh=\"800\" href=\"https:\/\/cvlc.edu.vn\/wp-content\/uploads\/2023\/07\/paratime.vn-LCV-0049.jpg\"><span data-alt=\"\"><\/span><\/a><\/div><div class=\"rsContent\"><a class=\"rsImg\" data-rsw=\"1200\" data-rsh=\"800\" href=\"https:\/\/cvlc.edu.vn\/wp-content\/uploads\/2023\/07\/paratime.vn-LCV-0051.jpg\"><span data-alt=\"\"><\/span><\/a><\/div><\/div><img decoding=\"async\" src=\"https:\/\/cvlc.edu.vn\/wp-content\/uploads\/2023\/07\/paratime.vn-LCV-0024.jpg\" width=\"1200\" height=\"800\" alt loading=\"lazy\"><\/div><div class=\"w-slider-json\" onclick='return {&quot;autoScaleSlider&quot;:true,&quot;addActiveClass&quot;:true,&quot;loop&quot;:true,&quot;fadeInLoadedSlide&quot;:false,&quot;slidesSpacing&quot;:0,&quot;imageScalePadding&quot;:0,&quot;numImagesToPreload&quot;:2,&quot;arrowsNav&quot;:true,&quot;arrowsNavAutoHide&quot;:false,&quot;transitionType&quot;:&quot;move&quot;,&quot;transitionSpeed&quot;:250,&quot;block&quot;:{&quot;moveEffect&quot;:&quot;none&quot;,&quot;speed&quot;:300},&quot;thumbs&quot;:{&quot;fitInViewport&quot;:false,&quot;firstMargin&quot;:false,&quot;spacing&quot;:4},&quot;controlNavigation&quot;:&quot;none&quot;,&quot;autoScaleSliderWidth&quot;:1200,&quot;autoScaleSliderHeight&quot;:800}'><\/div><\/div><\/div><\/div><\/div><\/div><\/div><\/section><section class=\"l-section wpb_row height_huge width_custom color_primary with_img parallax_ver\" style=\"--site-content-width:880px;\"><div class=\"l-section-img\" role=\"img\" data-img-width=\"1200\" data-img-height=\"800\" style=\"background-image: url(https:\/\/cvlc.edu.vn\/wp-content\/uploads\/2023\/07\/paratime.vn-paratime.vn-LCV-0001.jpg);background-position: top center;\"><\/div><div class=\"l-section-overlay\" style=\"background:linear-gradient(180deg,rgba(0,0,0,0.2),rgba(0,0,0,0.90))\"><\/div><div class=\"l-section-h i-cf\"><div class=\"g-cols vc_row via_flex valign_top type_default stacking_default\"><div class=\"vc_col-sm-12 wpb_column vc_column_container\"><div class=\"vc_column-inner\"><div class=\"wpb_wrapper\"><h2 class=\"w-text us_custom_bcde83ea has_text_color\"><span class=\"w-text-h\"><span class=\"w-text-value\">Vietnamese Proficiency Test<\/span><\/span><\/h2><div class=\"wpb_text_column us_custom_e2ae0b09 has_text_color\"><div class=\"wpb_wrapper\"><p>The University of Social Sciences and Humanities, Vietnam National University, Hanoi is one of the units allowed to organize an exam to assess Vietnamese language proficiency according to the Vietnamese Language Competency Framework for foreigners by the Ministry of Education and Training.<\/p>\n<\/div><\/div><div class=\"w-separator size_medium\"><\/div><div class=\"w-btn-wrapper align_center\"><a class=\"w-btn us-btn-style_1 us_custom_09d3e09f\" href=\"\/lich-thi-danh-gia-nang-luc-tieng-viet-nam-2023\/8717\/\"><span class=\"w-btn-label\">Learn more<\/span><\/a><\/div><\/div><\/div><\/div><\/div><\/div><\/section><section class=\"l-section wpb_row height_huge color_primary\"><div class=\"l-section-h i-cf\"><div class=\"g-cols vc_row via_flex valign_top type_default stacking_default\"><div class=\"vc_col-sm-12 wpb_column vc_column_container\"><div class=\"vc_column-inner\"><div class=\"wpb_wrapper\"><div class=\"w-tabs layout_hor style_radio switch_click has_scrolling\" style=\"--sections-title-size:1em\"><div class=\"w-tabs-list items_3 align_none\"><div class=\"w-tabs-list-h\"><button class=\"w-tabs-item active\" aria-controls=\"content-ee9d\" aria-expanded=\"false\"><span class=\"w-tabs-item-title\">Vision<\/span><\/button><button class=\"w-tabs-item\" aria-controls=\"content-g867\" aria-expanded=\"false\"><span class=\"w-tabs-item-title\">Mission<\/span><\/button><button class=\"w-tabs-item\" aria-controls=\"content-ma31\" aria-expanded=\"false\"><span class=\"w-tabs-item-title\">Core Values<\/span><\/button><\/div><\/div><div class=\"w-tabs-sections titles-align_none icon_chevron cpos_right\"><div class=\"w-tabs-section active\" id=\"ee9d\"><button class=\"w-tabs-section-header active\" aria-controls=\"content-ee9d\" aria-expanded=\"true\"><div class=\"w-tabs-section-title\">Vision<\/div><div class=\"w-tabs-section-control\"><\/div><\/button><div  class=\"w-tabs-section-content\" id=\"content-ee9d\"><div class=\"w-tabs-section-content-h i-cf\"><div class=\"g-cols wpb_row via_flex valign_top type_default stacking_default\"><div class=\"vc_col-sm-8 wpb_column vc_column_container\"><div class=\"vc_column-inner\"><div class=\"wpb_wrapper\"><div class=\"wpb_text_column\"><div class=\"wpb_wrapper\"><p>The Center for Vietnamese language and Culture &#8211; University of Social Sciences and Humanities aspires to be a national leader in the field of researching and teaching Vietnamese language and culture to domestic and foreign students.<\/p>\n<\/div><\/div><\/div><\/div><\/div><div class=\"vc_col-sm-4 wpb_column vc_column_container hide_on_tablets hide_on_mobiles\"><div class=\"vc_column-inner\"><div class=\"wpb_wrapper\"><\/div><\/div><\/div><\/div><\/div><\/div><\/div><div class=\"w-tabs-section\" id=\"g867\"><button class=\"w-tabs-section-header\" aria-controls=\"content-g867\" aria-expanded=\"false\"><div class=\"w-tabs-section-title\">Mission<\/div><div class=\"w-tabs-section-control\"><\/div><\/button><div  class=\"w-tabs-section-content\" id=\"content-g867\"><div class=\"w-tabs-section-content-h i-cf\"><div class=\"g-cols wpb_row via_flex valign_top type_default stacking_default\"><div class=\"vc_col-sm-10 wpb_column vc_column_container\"><div class=\"vc_column-inner\"><div class=\"wpb_wrapper\"><div class=\"wpb_text_column\"><div class=\"wpb_wrapper\"><ul>\n<li>Bringing students a diverse and high-quality Vietnamese language program.<\/li>\n<li>Accompanying students, helping students use Vietnamese fluently in communication, study and work.<\/li>\n<li>Spreading Vietnamese and connecting with love.<\/li>\n<\/ul>\n<\/div><\/div><\/div><\/div><\/div><div class=\"vc_col-sm-2 wpb_column vc_column_container hide_on_tablets hide_on_mobiles\"><div class=\"vc_column-inner\"><div class=\"wpb_wrapper\"><\/div><\/div><\/div><\/div><\/div><\/div><\/div><div class=\"w-tabs-section\" id=\"ma31\"><button class=\"w-tabs-section-header\" aria-controls=\"content-ma31\" aria-expanded=\"false\"><div class=\"w-tabs-section-title\">Core Values<\/div><div class=\"w-tabs-section-control\"><\/div><\/button><div  class=\"w-tabs-section-content\" id=\"content-ma31\"><div class=\"w-tabs-section-content-h i-cf\"><div class=\"g-cols wpb_row via_flex valign_top type_default stacking_default\"><div class=\"vc_col-sm-4 wpb_column vc_column_container\"><div class=\"vc_column-inner\"><div class=\"wpb_wrapper\"><div class=\"wpb_text_column\"><div class=\"wpb_wrapper\"><h4>REPUTATION<\/h4>\n<p>Established in 2012, the Center for Vietnamese Language and Culture has received the trust of major partners from around the world, including major universities, centers and thousands of international students. The Center always makes every effort to improve training quality and successfully complete commitments with partners.<\/p>\n<\/div><\/div><\/div><\/div><\/div><div class=\"vc_col-sm-4 wpb_column vc_column_container\"><div class=\"vc_column-inner\"><div class=\"wpb_wrapper\"><div class=\"wpb_text_column\"><div class=\"wpb_wrapper\"><h4>DEDICATION<\/h4>\n<p>Dedication is the most important characteristic of the Center&#8217;s operations. From paying attention and understanding the needs and goals of learners, the Center offers appropriate programs that bring optimal effectiveness to each learner. Coming to the center, learners feel the friendliness, enthusiasm and sense of responsibility of the entire team, from assistants to teachers.<\/p>\n<\/div><\/div><\/div><\/div><\/div><div class=\"vc_col-sm-4 wpb_column vc_column_container\"><div class=\"vc_column-inner\"><div class=\"wpb_wrapper\"><div class=\"wpb_text_column\"><div class=\"wpb_wrapper\"><h4>EFFECTIVENESS<\/h4>\n<p>The center always aims to meet the goals of specific learners, improving the quality of learning by creating a highly practical, dynamic and inspiring environment for students while constantly innovating to bring efficiency and the highest level of training.<\/p>\n<\/div><\/div><\/div><\/div><\/div><\/div><\/div><\/div><\/div><\/div><\/div><\/div><\/div><\/div><\/div><\/div><\/section><section class=\"l-section wpb_row height_huge\"><div class=\"l-section-h i-cf\"><div class=\"g-cols vc_row via_flex valign_top type_default stacking_default\"><div class=\"vc_col-sm-2\/5 wpb_column vc_column_container\"><div class=\"vc_column-inner type_sticky\"><div class=\"wpb_wrapper\"><h2 class=\"w-text us_custom_9de87d4e\"><span class=\"w-text-h\"><span class=\"w-text-value\">Our Team<\/span><\/span><\/h2><\/div><\/div><\/div><div class=\"vc_col-sm-3\/5 wpb_column vc_column_container\"><div class=\"vc_column-inner\"><div class=\"wpb_wrapper\"><div class=\"w-hwrapper valign_middle align_none\" style=\"--hwrapper-gap:2rem\"><div class=\"w-image us_custom_514e3533 has_ratio align_none\"><div class=\"w-image-h\"><div style=\"padding-bottom:100%\"><\/div><img decoding=\"async\" width=\"1024\" height=\"1024\" src=\"https:\/\/cvlc.edu.vn\/wp-content\/uploads\/2023\/07\/ts-nguyen-ngoc-binh-1024x1024.jpg\" class=\"attachment-large size-large\" alt=\"\" loading=\"lazy\" srcset=\"https:\/\/cvlc.edu.vn\/wp-content\/uploads\/2023\/07\/ts-nguyen-ngoc-binh-1024x1024.jpg 1024w, https:\/\/cvlc.edu.vn\/wp-content\/uploads\/2023\/07\/ts-nguyen-ngoc-binh-300x300.jpg 300w, https:\/\/cvlc.edu.vn\/wp-content\/uploads\/2023\/07\/ts-nguyen-ngoc-binh-150x150.jpg 150w, https:\/\/cvlc.edu.vn\/wp-content\/uploads\/2023\/07\/ts-nguyen-ngoc-binh-400x400.jpg 400w, https:\/\/cvlc.edu.vn\/wp-content\/uploads\/2023\/07\/ts-nguyen-ngoc-binh.jpg 1200w\" sizes=\"auto, (max-width: 1024px) 100vw, 1024px\" \/><\/div><\/div><div class=\"w-vwrapper align_none valign_middle\" style=\"--vwrapper-gap:0rem\"><div class=\"w-text\"><span class=\"w-text-h\"><span class=\"w-text-value\">Director<\/span><\/span><\/div><h5 class=\"w-text\"><span class=\"w-text-h\"><span class=\"w-text-value\">PhD Nguy\u1ec5n Ng\u1ecdc B\u00ecnh<\/span><\/span><\/h5><\/div><\/div><div class=\"w-separator size_small with_line width_default thick_1 style_solid color_border align_center\"><div class=\"w-separator-h\"><\/div><\/div><div class=\"w-hwrapper valign_middle align_none\" style=\"--hwrapper-gap:2rem\"><div class=\"w-image us_custom_514e3533 has_ratio align_none\"><div class=\"w-image-h\"><div style=\"padding-bottom:100%\"><\/div><img decoding=\"async\" width=\"1024\" height=\"1024\" src=\"https:\/\/cvlc.edu.vn\/wp-content\/uploads\/2023\/07\/paratime.vn-NTMHanh.jpg\" class=\"attachment-large size-large\" alt=\"\" loading=\"lazy\" srcset=\"https:\/\/cvlc.edu.vn\/wp-content\/uploads\/2023\/07\/paratime.vn-NTMHanh.jpg 1024w, https:\/\/cvlc.edu.vn\/wp-content\/uploads\/2023\/07\/paratime.vn-NTMHanh-300x300.jpg 300w, https:\/\/cvlc.edu.vn\/wp-content\/uploads\/2023\/07\/paratime.vn-NTMHanh-150x150.jpg 150w, https:\/\/cvlc.edu.vn\/wp-content\/uploads\/2023\/07\/paratime.vn-NTMHanh-400x400.jpg 400w\" sizes=\"auto, (max-width: 1024px) 100vw, 1024px\" \/><\/div><\/div><div class=\"w-vwrapper align_none valign_middle\" style=\"--vwrapper-gap:0rem\"><div class=\"w-text\"><span class=\"w-text-h\"><span class=\"w-text-value\">Ph\u1ee5 tr\u00e1ch \u0111\u00e0o t\u1ea1o<\/span><\/span><\/div><h5 class=\"w-text\"><span class=\"w-text-h\"><span class=\"w-text-value\">Nguy\u1ec5n Th\u1ecb Minh H\u1ea1nh<\/span><\/span><\/h5><\/div><\/div><div class=\"w-separator size_small with_line width_default thick_1 style_solid color_border align_center\"><div class=\"w-separator-h\"><\/div><\/div><div class=\"w-hwrapper valign_middle align_none\" style=\"--hwrapper-gap:2rem\"><div class=\"w-image us_custom_514e3533 has_ratio align_none\"><div class=\"w-image-h\"><div style=\"padding-bottom:100%\"><\/div><img decoding=\"async\" width=\"1024\" height=\"1024\" src=\"https:\/\/cvlc.edu.vn\/wp-content\/uploads\/2023\/07\/paratime.vn-LCV-0278.jpg\" class=\"attachment-large size-large\" alt=\"\" loading=\"lazy\" srcset=\"https:\/\/cvlc.edu.vn\/wp-content\/uploads\/2023\/07\/paratime.vn-LCV-0278.jpg 1024w, https:\/\/cvlc.edu.vn\/wp-content\/uploads\/2023\/07\/paratime.vn-LCV-0278-300x300.jpg 300w, https:\/\/cvlc.edu.vn\/wp-content\/uploads\/2023\/07\/paratime.vn-LCV-0278-150x150.jpg 150w, https:\/\/cvlc.edu.vn\/wp-content\/uploads\/2023\/07\/paratime.vn-LCV-0278-400x400.jpg 400w\" sizes=\"auto, (max-width: 1024px) 100vw, 1024px\" \/><\/div><\/div><div class=\"w-vwrapper align_none valign_middle\" style=\"--vwrapper-gap:0rem\"><div class=\"w-text\"><span class=\"w-text-h\"><span class=\"w-text-value\">Ph\u1ee5 tr\u00e1ch v\u0103n ph\u00f2ng<\/span><\/span><\/div><h5 class=\"w-text\"><span class=\"w-text-h\"><span class=\"w-text-value\">Nguy\u1ec5n Th\u1ecb Nh\u01b0 Qu\u1ef3nh<\/span><\/span><\/h5><\/div><\/div><div class=\"w-separator size_small with_line width_default thick_1 style_solid color_border align_center\"><div class=\"w-separator-h\"><\/div><\/div><div class=\"w-hwrapper valign_middle align_none\" style=\"--hwrapper-gap:2rem\"><div class=\"w-image us_custom_514e3533 has_ratio align_none\"><div class=\"w-image-h\"><div style=\"padding-bottom:100%\"><\/div><img decoding=\"async\" width=\"1024\" height=\"1024\" src=\"https:\/\/cvlc.edu.vn\/wp-content\/uploads\/2023\/07\/paratime.vn-LCV-0152.jpg\" class=\"attachment-large size-large\" alt=\"\" loading=\"lazy\" srcset=\"https:\/\/cvlc.edu.vn\/wp-content\/uploads\/2023\/07\/paratime.vn-LCV-0152.jpg 1024w, https:\/\/cvlc.edu.vn\/wp-content\/uploads\/2023\/07\/paratime.vn-LCV-0152-300x300.jpg 300w, https:\/\/cvlc.edu.vn\/wp-content\/uploads\/2023\/07\/paratime.vn-LCV-0152-150x150.jpg 150w, https:\/\/cvlc.edu.vn\/wp-content\/uploads\/2023\/07\/paratime.vn-LCV-0152-400x400.jpg 400w\" sizes=\"auto, (max-width: 1024px) 100vw, 1024px\" \/><\/div><\/div><div class=\"w-vwrapper align_none valign_middle\" style=\"--vwrapper-gap:0rem\"><div class=\"w-text\"><span class=\"w-text-h\"><span class=\"w-text-value\">Tr\u1ee3 l\u00ed \u0111\u00e0o t\u1ea1o<\/span><\/span><\/div><h5 class=\"w-text\"><span class=\"w-text-h\"><span class=\"w-text-value\">Nguy\u1ec5n Th\u1ecb H\u01b0\u01a1ng Giang<\/span><\/span><\/h5><\/div><\/div><div class=\"w-separator size_small with_line width_default thick_1 style_solid color_border align_center\"><div class=\"w-separator-h\"><\/div><\/div><div class=\"w-hwrapper valign_middle align_none\" style=\"--hwrapper-gap:2rem\"><div class=\"w-image us_custom_514e3533 has_ratio align_none\"><div class=\"w-image-h\"><div style=\"padding-bottom:100%\"><\/div><img decoding=\"async\" width=\"1024\" height=\"1024\" src=\"https:\/\/cvlc.edu.vn\/wp-content\/uploads\/2023\/07\/paratime.vn-LCV-0139.jpg\" class=\"attachment-large size-large\" alt=\"\" loading=\"lazy\" srcset=\"https:\/\/cvlc.edu.vn\/wp-content\/uploads\/2023\/07\/paratime.vn-LCV-0139.jpg 1024w, https:\/\/cvlc.edu.vn\/wp-content\/uploads\/2023\/07\/paratime.vn-LCV-0139-300x300.jpg 300w, https:\/\/cvlc.edu.vn\/wp-content\/uploads\/2023\/07\/paratime.vn-LCV-0139-150x150.jpg 150w, https:\/\/cvlc.edu.vn\/wp-content\/uploads\/2023\/07\/paratime.vn-LCV-0139-400x400.jpg 400w\" sizes=\"auto, (max-width: 1024px) 100vw, 1024px\" \/><\/div><\/div><div class=\"w-vwrapper align_none valign_middle\" style=\"--vwrapper-gap:0rem\"><div class=\"w-text\"><span class=\"w-text-h\"><span class=\"w-text-value\">Tr\u1ee3 l\u00ed v\u0103n ph\u00f2ng<\/span><\/span><\/div><h5 class=\"w-text\"><span class=\"w-text-h\"><span class=\"w-text-value\">Tri\u1ec7u Th\u1ecb M\u1ef9 Ti\u00ean<\/span><\/span><\/h5><\/div><\/div><div class=\"w-separator size_small with_line width_default thick_1 style_solid color_border align_center\"><div class=\"w-separator-h\"><\/div><\/div><\/div><\/div><\/div><\/div><\/div><\/section><section class=\"l-section wpb_row height_huge width_custom color_primary\" style=\"--site-content-width:880px;\"><div class=\"l-section-overlay\" style=\"background:var(--color-header-middle-text-hover)\"><\/div><div class=\"l-section-h i-cf\"><div class=\"g-cols vc_row via_flex valign_top type_default stacking_default\"><div class=\"vc_col-sm-12 wpb_column vc_column_container\"><div class=\"vc_column-inner\"><div class=\"wpb_wrapper\"><h3 class=\"w-text us_custom_eb849559\"><span class=\"w-text-h\"><span class=\"w-text-value\">Share us your questions<\/span><\/span><\/h3><div class=\"w-separator size_small\"><\/div><div class=\"w-btn-wrapper align_center\"><a class=\"w-btn us-btn-style_2 us_custom_09d3e09f\" href=\"\/en\/contact\/\"><span class=\"w-btn-label\">Contact VLC<\/span><\/a><\/div><\/div><\/div><\/div><\/div><\/div><\/section>\n","protected":false},"excerpt":{"rendered":"VLCAbout VLC Center for Vietnamese Language and Culture is a training and research unit on Vietnamese language and culture under the University of Social Sciences and Humanities \u2013 Vietnam National University H\u00e0 N\u1ed9i Functions and DutiesOrganizing short-term courses on Vietnamese language and culture for foreigners, and short-term courses on language and culture for Vietnamese. Organizing...","protected":false},"author":1,"featured_media":0,"parent":0,"menu_order":0,"comment_status":"closed","ping_status":"closed","template":"","meta":{"footnotes":""},"class_list":["post-8948","page","type-page","status-publish","hentry"],"yoast_head":"<!-- This site is optimized with the Yoast SEO plugin v24.1 - https:\/\/yoast.com\/wordpress\/plugins\/seo\/ -->\n<title>About VLC | VLC<\/title>\n<meta name=\"robots\" content=\"index, follow, max-snippet:-1, max-image-preview:large, max-video-preview:-1\" \/>\n<link rel=\"canonical\" href=\"https:\/\/cvlc.edu.vn\/en\/about\/\" \/>\n<meta property=\"og:locale\" content=\"en_US\" \/>\n<meta property=\"og:type\" content=\"article\" \/>\n<meta property=\"og:title\" content=\"About VLC | VLC\" \/>\n<meta property=\"og:url\" content=\"https:\/\/cvlc.edu.vn\/en\/about\/\" \/>\n<meta property=\"og:site_name\" content=\"VLC\" \/>\n<meta property=\"article:modified_time\" content=\"2024-03-17T15:52:26+00:00\" \/>\n<meta name=\"twitter:card\" content=\"summary_large_image\" \/>\n<meta name=\"twitter:label1\" content=\"Est. reading time\" \/>\n\t<meta name=\"twitter:data1\" content=\"7 minutes\" \/>\n<script type=\"application\/ld+json\" class=\"yoast-schema-graph\">{\"@context\":\"https:\/\/schema.org\",\"@graph\":[{\"@type\":\"WebPage\",\"@id\":\"https:\/\/cvlc.edu.vn\/en\/about\/\",\"url\":\"https:\/\/cvlc.edu.vn\/en\/about\/\",\"name\":\"About VLC | VLC\",\"isPartOf\":{\"@id\":\"https:\/\/cvlc.edu.vn\/en\/#website\"},\"datePublished\":\"2021-12-03T02:56:55+00:00\",\"dateModified\":\"2024-03-17T15:52:26+00:00\",\"breadcrumb\":{\"@id\":\"https:\/\/cvlc.edu.vn\/en\/about\/#breadcrumb\"},\"inLanguage\":\"en-US\",\"potentialAction\":[{\"@type\":\"ReadAction\",\"target\":[\"https:\/\/cvlc.edu.vn\/en\/about\/\"]}]},{\"@type\":\"BreadcrumbList\",\"@id\":\"https:\/\/cvlc.edu.vn\/en\/about\/#breadcrumb\",\"itemListElement\":[{\"@type\":\"ListItem\",\"position\":1,\"name\":\"Home\",\"item\":\"https:\/\/cvlc.edu.vn\/en\/\"},{\"@type\":\"ListItem\",\"position\":2,\"name\":\"About VLC\"}]},{\"@type\":\"WebSite\",\"@id\":\"https:\/\/cvlc.edu.vn\/en\/#website\",\"url\":\"https:\/\/cvlc.edu.vn\/en\/\",\"name\":\"Trung t\u00e2m Ng\u00f4n ng\u1eef v\u00e0 V\u0103n ho\u00e1 Vi\u1ec7t Nam\",\"description\":\"Trung t\u00e2m Ng\u00f4n ng\u1eef v\u00e0 V\u0103n ho\u00e1 Vi\u1ec7t Nam\",\"alternateName\":\"cvlc.edu.vn\",\"potentialAction\":[{\"@type\":\"SearchAction\",\"target\":{\"@type\":\"EntryPoint\",\"urlTemplate\":\"https:\/\/cvlc.edu.vn\/en\/?s={search_term_string}\"},\"query-input\":{\"@type\":\"PropertyValueSpecification\",\"valueRequired\":true,\"valueName\":\"search_term_string\"}}],\"inLanguage\":\"en-US\"}]}<\/script>\n<!-- \/ Yoast SEO plugin. -->","yoast_head_json":{"title":"About VLC | VLC","robots":{"index":"index","follow":"follow","max-snippet":"max-snippet:-1","max-image-preview":"max-image-preview:large","max-video-preview":"max-video-preview:-1"},"canonical":"https:\/\/cvlc.edu.vn\/en\/about\/","og_locale":"en_US","og_type":"article","og_title":"About VLC | VLC","og_url":"https:\/\/cvlc.edu.vn\/en\/about\/","og_site_name":"VLC","article_modified_time":"2024-03-17T15:52:26+00:00","twitter_card":"summary_large_image","twitter_misc":{"Est. reading time":"7 minutes"},"schema":{"@context":"https:\/\/schema.org","@graph":[{"@type":"WebPage","@id":"https:\/\/cvlc.edu.vn\/en\/about\/","url":"https:\/\/cvlc.edu.vn\/en\/about\/","name":"About VLC | VLC","isPartOf":{"@id":"https:\/\/cvlc.edu.vn\/en\/#website"},"datePublished":"2021-12-03T02:56:55+00:00","dateModified":"2024-03-17T15:52:26+00:00","breadcrumb":{"@id":"https:\/\/cvlc.edu.vn\/en\/about\/#breadcrumb"},"inLanguage":"en-US","potentialAction":[{"@type":"ReadAction","target":["https:\/\/cvlc.edu.vn\/en\/about\/"]}]},{"@type":"BreadcrumbList","@id":"https:\/\/cvlc.edu.vn\/en\/about\/#breadcrumb","itemListElement":[{"@type":"ListItem","position":1,"name":"Home","item":"https:\/\/cvlc.edu.vn\/en\/"},{"@type":"ListItem","position":2,"name":"About VLC"}]},{"@type":"WebSite","@id":"https:\/\/cvlc.edu.vn\/en\/#website","url":"https:\/\/cvlc.edu.vn\/en\/","name":"Trung t\u00e2m Ng\u00f4n ng\u1eef v\u00e0 V\u0103n ho\u00e1 Vi\u1ec7t Nam","description":"Trung t\u00e2m Ng\u00f4n ng\u1eef v\u00e0 V\u0103n ho\u00e1 Vi\u1ec7t Nam","alternateName":"cvlc.edu.vn","potentialAction":[{"@type":"SearchAction","target":{"@type":"EntryPoint","urlTemplate":"https:\/\/cvlc.edu.vn\/en\/?s={search_term_string}"},"query-input":{"@type":"PropertyValueSpecification","valueRequired":true,"valueName":"search_term_string"}}],"inLanguage":"en-US"}]}},"_links":{"self":[{"href":"https:\/\/cvlc.edu.vn\/en\/wp-json\/wp\/v2\/pages\/8948","targetHints":{"allow":["GET"]}}],"collection":[{"href":"https:\/\/cvlc.edu.vn\/en\/wp-json\/wp\/v2\/pages"}],"about":[{"href":"https:\/\/cvlc.edu.vn\/en\/wp-json\/wp\/v2\/types\/page"}],"author":[{"embeddable":true,"href":"https:\/\/cvlc.edu.vn\/en\/wp-json\/wp\/v2\/users\/1"}],"replies":[{"embeddable":true,"href":"https:\/\/cvlc.edu.vn\/en\/wp-json\/wp\/v2\/comments?post=8948"}],"version-history":[{"count":3,"href":"https:\/\/cvlc.edu.vn\/en\/wp-json\/wp\/v2\/pages\/8948\/revisions"}],"predecessor-version":[{"id":8987,"href":"https:\/\/cvlc.edu.vn\/en\/wp-json\/wp\/v2\/pages\/8948\/revisions\/8987"}],"wp:attachment":[{"href":"https:\/\/cvlc.edu.vn\/en\/wp-json\/wp\/v2\/media?parent=8948"}],"curies":[{"name":"wp","href":"https:\/\/api.w.org\/{rel}","templated":true}]}}