{"id":8939,"date":"2021-12-03T17:12:08","date_gmt":"2021-12-03T10:12:08","guid":{"rendered":"https:\/\/cvlc.edu.vn\/?page_id=8939"},"modified":"2024-03-17T22:57:44","modified_gmt":"2024-03-17T15:57:44","slug":"center-for-vietnamese-language-and-culture","status":"publish","type":"page","link":"https:\/\/cvlc.edu.vn\/en\/","title":{"rendered":"Center for Vietnamese Language and Culture"},"content":{"rendered":"<section class=\"l-section wpb_row height_auto color_primary\"><div class=\"l-section-h i-cf\"><div class=\"g-cols vc_row via_flex valign_middle type_default stacking_default\"><div class=\"vc_col-sm-4 wpb_column vc_column_container\"><div class=\"vc_column-inner\"><div class=\"wpb_wrapper\"><div class=\"w-separator size_medium\"><\/div><div class=\"w-text us_custom_c96a8a09\"><span class=\"w-text-h\"><span class=\"w-text-value\">Learning Vietnamese at VLC<\/span><\/span><\/div><div class=\"w-separator size_small\"><\/div><h1 class=\"w-text us_custom_9bd5a768\"><span class=\"w-text-h\"><span class=\"w-text-value\">Many Choices.<br \/>\nFast. Effective.<\/span><\/span><\/h1><div class=\"w-btn-wrapper align_none\"><a class=\"w-btn us-btn-style_1\" href=\"\/en\/admissions\/\"><span class=\"w-btn-label\">More&#8230;<\/span><\/a><\/div><div class=\"w-separator hide_on_tablets hide_on_mobiles size_medium\"><\/div><\/div><\/div><\/div><div class=\"vc_col-sm-8 wpb_column vc_column_container\"><div class=\"vc_column-inner\"><div class=\"wpb_wrapper\"><div class=\"w-slider us_custom_9523991f style_none fit_cover nav_none has_border_radius count_2\"><div class=\"w-slider-h\"><div class=\"royalSlider\"><div class=\"rsContent\"><a class=\"rsImg\" data-rsw=\"1200\" data-rsh=\"800\" href=\"https:\/\/cvlc.edu.vn\/wp-content\/uploads\/2023\/07\/paratime.vn-LCV-0006.jpg\"><span data-alt=\"\"><\/span><\/a><\/div><div class=\"rsContent\"><a class=\"rsImg\" data-rsw=\"1200\" data-rsh=\"800\" href=\"https:\/\/cvlc.edu.vn\/wp-content\/uploads\/2023\/07\/paratime.vn-LCV-0051.jpg\"><span data-alt=\"\"><\/span><\/a><\/div><\/div><img decoding=\"async\" src=\"https:\/\/cvlc.edu.vn\/wp-content\/uploads\/2023\/07\/paratime.vn-LCV-0006.jpg\" width=\"1200\" height=\"800\" alt loading=\"lazy\"><\/div><div class=\"w-slider-json\" onclick='return {&quot;autoScaleSlider&quot;:true,&quot;addActiveClass&quot;:true,&quot;loop&quot;:true,&quot;fadeInLoadedSlide&quot;:false,&quot;slidesSpacing&quot;:0,&quot;imageScalePadding&quot;:0,&quot;numImagesToPreload&quot;:2,&quot;arrowsNav&quot;:false,&quot;arrowsNavAutoHide&quot;:false,&quot;transitionType&quot;:&quot;fade&quot;,&quot;transitionSpeed&quot;:250,&quot;block&quot;:{&quot;moveEffect&quot;:&quot;none&quot;,&quot;speed&quot;:300},&quot;thumbs&quot;:{&quot;fitInViewport&quot;:false,&quot;firstMargin&quot;:false,&quot;spacing&quot;:4},&quot;controlNavigation&quot;:&quot;none&quot;,&quot;autoplay&quot;:{&quot;enabled&quot;:true,&quot;pauseOnHover&quot;:false,&quot;delay&quot;:3000},&quot;autoScaleSliderWidth&quot;:1200,&quot;autoScaleSliderHeight&quot;:800}'><\/div><\/div><\/div><\/div><\/div><\/div><\/div><\/section><section class=\"l-section wpb_row height_huge\"><div class=\"l-section-h i-cf\"><div class=\"g-cols vc_row via_flex valign_top type_default stacking_default\"><div class=\"vc_col-sm-4 wpb_column vc_column_container\"><div class=\"vc_column-inner\"><div class=\"wpb_wrapper\"><div class=\"w-iconbox us_custom_58cf3682 iconpos_top style_circle color_secondary align_left\"><div class=\"w-iconbox-icon\" style=\"font-size:2rem;\"><i class=\"far fa-user-graduate\"><\/i><\/div><div class=\"w-iconbox-meta\"><h2 class=\"w-iconbox-title\" style=\"font-size:1.5rem;\">Admission<\/h2><div class=\"w-iconbox-text\"><p>Organize training programs on Vietnamese language and culture for domestic and foreign learners.<\/p>\n<\/div><\/div><\/div><\/div><\/div><\/div><div class=\"vc_col-sm-4 wpb_column vc_column_container\"><div class=\"vc_column-inner\"><div class=\"wpb_wrapper\"><div class=\"w-iconbox us_custom_58cf3682 iconpos_top style_circle color_secondary align_left\"><div class=\"w-iconbox-icon\" style=\"font-size:2rem;\"><i class=\"far fa-books\"><\/i><\/div><div class=\"w-iconbox-meta\"><h2 class=\"w-iconbox-title\" style=\"font-size:1.5rem;\">Research<\/h2><div class=\"w-iconbox-text\"><p>Organize programs, projects, and research topics; compile textbooks, lectures, reference books, and tool books.<\/p>\n<\/div><\/div><\/div><\/div><\/div><\/div><div class=\"vc_col-sm-4 wpb_column vc_column_container\"><div class=\"vc_column-inner\"><div class=\"wpb_wrapper\"><div class=\"w-iconbox us_custom_58cf3682 iconpos_top style_circle color_secondary align_left\"><div class=\"w-iconbox-icon\" style=\"font-size:2rem;\"><i class=\"far fa-handshake-alt\"><\/i><\/div><div class=\"w-iconbox-meta\"><h2 class=\"w-iconbox-title\" style=\"font-size:1.5rem;\">Cooperation<\/h2><div class=\"w-iconbox-text\"><p>Cooperate in organizing short-term training, research, and exchange programs for lecturers and students.<\/p>\n<\/div><\/div><\/div><\/div><\/div><\/div><\/div><\/div><\/section><section class=\"l-section wpb_row height_large color_primary with_img parallax_fixed\"><div class=\"l-section-img\" role=\"img\" data-img-width=\"1200\" data-img-height=\"800\" style=\"background-image: url(https:\/\/cvlc.edu.vn\/wp-content\/uploads\/2023\/07\/ussh-01.jpg);\"><\/div><div class=\"l-section-overlay\" style=\"background:var(--color-content-faded)\"><\/div><div class=\"l-section-h i-cf\"><div class=\"g-cols vc_row via_flex valign_middle type_default stacking_default\"><div class=\"vc_col-sm-12 wpb_column vc_column_container\"><div class=\"vc_column-inner\"><div class=\"wpb_wrapper\"><p class=\"w-text us_custom_5314fdf2\"><span class=\"w-text-h\"><span class=\"w-text-value\">Center for Vietnamese Language and Culture is a training and research unit on Vietnamese language and culture under the University of Social Sciences and Humanities &#8211; Vietnam National University H\u00e0 N\u1ed9i<\/span><\/span><\/p><div class=\"w-btn-wrapper align_center\"><a class=\"w-btn us-btn-style_2\" href=\"\/en\/about\/\"><span class=\"w-btn-label\">Learn more<\/span><\/a><\/div><\/div><\/div><\/div><\/div><\/div><\/section><section class=\"l-section wpb_row height_large\"><div class=\"l-section-h i-cf\"><div class=\"g-cols vc_row via_flex valign_top type_default stacking_default\"><div class=\"vc_col-sm-4 wpb_column vc_column_container\"><div class=\"vc_column-inner\"><div class=\"wpb_wrapper\"><h2 class=\"w-text us_custom_4f24afa8\"><a href=\"\/news\/\" class=\"w-text-h\"><span class=\"w-text-value\">News &amp; Events<\/span><\/a><\/h2><\/div><\/div><\/div><div class=\"vc_col-sm-8 wpb_column vc_column_container\"><div class=\"vc_column-inner\"><div class=\"wpb_wrapper\"><div class=\"w-grid type_grid layout_296\" id=\"us_grid_1\" style=\"--gap:2rem;\" data-filterable=\"true\"><style>.layout_296 .w-grid-item-h{}@media(max-width:600px){.layout_296 .usg_post_taxonomy_1{display:none!important}}.layout_296 .usg_hwrapper_1{border-bottom-width:1px!important;border-color:var(--color-content-border)!important;border-bottom-style:solid!important}.layout_296 .usg_post_image_1{width:30%!important;margin-bottom:2rem!important;margin-right:4%!important;border-radius:6px!important}.layout_296 .usg_vwrapper_1{max-width:60%!important;margin-bottom:2rem!important}.layout_296 .usg_hwrapper_2{color:var(--color-content-heading)!important}.layout_296 .usg_post_title_1{color:var(--color-content-heading)!important;font-size:1.5rem!important;line-height:1.2!important}.layout_296 .usg_post_date_1{color:var(--color-content-text)!important}@media (min-width:1025px) and (max-width:1280px){.layout_296 .usg_post_image_1{width:30%!important}.layout_296 .usg_vwrapper_1{max-width:60%!important}}@media (min-width:601px) and (max-width:1024px){.layout_296 .usg_post_image_1{width:100%!important;max-width:350px!important}.layout_296 .usg_vwrapper_1{max-width:100%!important}}@media (max-width:600px){.layout_296 .usg_post_image_1{width:100%!important;max-width:350px!important}.layout_296 .usg_vwrapper_1{max-width:100%!important}}<\/style><div class=\"w-grid-list\">\t<article class=\"w-grid-item size_1x1 post-9173 post type-post status-publish format-standard has-post-thumbnail hentry category-news category-admissions\" data-id=\"9173\">\r\n\t\t<div class=\"w-grid-item-h\">\r\n\t\t\t\t\t\t<div class=\"w-hwrapper usg_hwrapper_1 align_none valign_top wrap\" style=\"--hwrapper-gap:0em\"><div class=\"w-post-elm post_image usg_post_image_1 has_width\"><a href=\"https:\/\/cvlc.edu.vn\/en\/thong-bao-tuyen-sinh-chuong-trinh-dao-tao-ngan-han-ly-thuyet-va-thuc-hanh-giang-day-tieng-viet-nhu-mot-ngoai-ngu\/\" aria-label=\"TH\u00d4NG B\u00c1O TUY\u1ec2N SINH: Ch\u01b0\u01a1ng tr\u00ecnh \u0111\u00e0o t\u1ea1o ng\u1eafn h\u1ea1n &#8220;L\u00fd thuy\u1ebft v\u00e0 th\u1ef1c h\u00e0nh gi\u1ea3ng d\u1ea1y ti\u1ebfng Vi\u1ec7t nh\u01b0 m\u1ed9t ngo\u1ea1i ng\u1eef&#8221;\"><img loading=\"lazy\" decoding=\"async\" width=\"254\" height=\"360\" src=\"https:\/\/cvlc.edu.vn\/wp-content\/uploads\/2025\/03\/poster-tuyen-sinh-1.jpg\" class=\"attachment-us_640_360_crop size-us_640_360_crop wp-post-image\" alt=\"\" \/><\/a><\/div><div class=\"w-vwrapper usg_vwrapper_1 align_none valign_top\"><div class=\"w-hwrapper usg_hwrapper_2 has_text_color align_none valign_middle wrap\" style=\"--hwrapper-gap:1.20rem\"><div class=\"w-post-elm post_taxonomy usg_post_taxonomy_1 style_badge color_link_inherit\"><div class=\"w-post-elm-list\"><a class=\"w-btn us-btn-style_3 term-1 term-news\" href=\"https:\/\/cvlc.edu.vn\/category\/news\/\"><span class=\"w-btn-label\">Tin t\u1ee9c<\/span><\/a><a class=\"w-btn us-btn-style_3 term-7 term-admissions\" href=\"https:\/\/cvlc.edu.vn\/category\/news\/admissions\/\"><span class=\"w-btn-label\">Tuy\u1ec3n sinh<\/span><\/a><\/div><\/div><time class=\"w-post-elm post_date usg_post_date_1 has_text_color entry-date published\" datetime=\"2025-03-17T19:30:00+07:00\">17.03.2025<\/time><\/div><h3 class=\"w-post-elm post_title usg_post_title_1 has_text_color entry-title color_link_inherit\"><a href=\"https:\/\/cvlc.edu.vn\/en\/thong-bao-tuyen-sinh-chuong-trinh-dao-tao-ngan-han-ly-thuyet-va-thuc-hanh-giang-day-tieng-viet-nhu-mot-ngoai-ngu\/\">TH\u00d4NG B\u00c1O TUY\u1ec2N SINH: Ch\u01b0\u01a1ng tr\u00ecnh \u0111\u00e0o t\u1ea1o ng\u1eafn h\u1ea1n &#8220;L\u00fd thuy\u1ebft v\u00e0 th\u1ef1c h\u00e0nh gi\u1ea3ng d\u1ea1y ti\u1ebfng Vi\u1ec7t nh\u01b0 m\u1ed9t ngo\u1ea1i ng\u1eef&#8221;<\/a><\/h3><\/div><\/div>\t\t<\/div>\r\n\t\t\t<\/article>\r\n\t<article class=\"w-grid-item size_1x1 post-9170 post type-post status-publish format-standard hentry category-news category-admissions\" data-id=\"9170\">\r\n\t\t<div class=\"w-grid-item-h\">\r\n\t\t\t\t\t\t<div class=\"w-hwrapper usg_hwrapper_1 align_none valign_top wrap\" style=\"--hwrapper-gap:0em\"><div class=\"w-post-elm post_image usg_post_image_1 has_width with_placeholder\"><a href=\"https:\/\/cvlc.edu.vn\/en\/chuong-trinh-dao-tao-tieng-viet-cho-cac-doi-tuong-co-nhu-cau-dat-chung-chi-b2\/\" aria-label=\"Ch\u01b0\u01a1ng tr\u00ecnh \u0111\u00e0o t\u1ea1o ti\u1ebfng Vi\u1ec7t cho c\u00e1c \u0111\u1ed1i t\u01b0\u1ee3ng c\u00f3 nhu c\u1ea7u \u0111\u1ea1t ch\u1ee9ng ch\u1ec9 B2\"><img loading=\"lazy\" decoding=\"async\" class=\"g-placeholder\" src=\"https:\/\/cvlc.edu.vn\/wp-content\/plugins\/us-core\/assets\/images\/placeholder.svg\" width=\"640\" height=\"360\" alt><\/a><\/div><div class=\"w-vwrapper usg_vwrapper_1 align_none valign_top\"><div class=\"w-hwrapper usg_hwrapper_2 has_text_color align_none valign_middle wrap\" style=\"--hwrapper-gap:1.20rem\"><div class=\"w-post-elm post_taxonomy usg_post_taxonomy_1 style_badge color_link_inherit\"><div class=\"w-post-elm-list\"><a class=\"w-btn us-btn-style_3 term-1 term-news\" href=\"https:\/\/cvlc.edu.vn\/category\/news\/\"><span class=\"w-btn-label\">Tin t\u1ee9c<\/span><\/a><a class=\"w-btn us-btn-style_3 term-7 term-admissions\" href=\"https:\/\/cvlc.edu.vn\/category\/news\/admissions\/\"><span class=\"w-btn-label\">Tuy\u1ec3n sinh<\/span><\/a><\/div><\/div><time class=\"w-post-elm post_date usg_post_date_1 has_text_color entry-date published\" datetime=\"2025-01-07T10:44:58+07:00\">07.01.2025<\/time><\/div><h3 class=\"w-post-elm post_title usg_post_title_1 has_text_color entry-title color_link_inherit\"><a href=\"https:\/\/cvlc.edu.vn\/en\/chuong-trinh-dao-tao-tieng-viet-cho-cac-doi-tuong-co-nhu-cau-dat-chung-chi-b2\/\">Ch\u01b0\u01a1ng tr\u00ecnh \u0111\u00e0o t\u1ea1o ti\u1ebfng Vi\u1ec7t cho c\u00e1c \u0111\u1ed1i t\u01b0\u1ee3ng c\u00f3 nhu c\u1ea7u \u0111\u1ea1t ch\u1ee9ng ch\u1ec9 B2<\/a><\/h3><\/div><\/div>\t\t<\/div>\r\n\t\t\t<\/article>\r\n\t<article class=\"w-grid-item size_1x1 post-9160 post type-post status-publish format-standard has-post-thumbnail hentry category-news\" data-id=\"9160\">\r\n\t\t<div class=\"w-grid-item-h\">\r\n\t\t\t\t\t\t<div class=\"w-hwrapper usg_hwrapper_1 align_none valign_top wrap\" style=\"--hwrapper-gap:0em\"><div class=\"w-post-elm post_image usg_post_image_1 has_width\"><a href=\"https:\/\/cvlc.edu.vn\/en\/announcement-vietnamese-language-proficiency-test-for-december-2024\/\" aria-label=\"ANNOUNCEMENT: Vietnamese Language Proficiency Test for December 2024\"><img loading=\"lazy\" decoding=\"async\" width=\"640\" height=\"360\" src=\"https:\/\/cvlc.edu.vn\/wp-content\/uploads\/2024\/11\/KY-THI-2-640x360.png\" class=\"attachment-us_640_360_crop size-us_640_360_crop wp-post-image\" alt=\"\" \/><\/a><\/div><div class=\"w-vwrapper usg_vwrapper_1 align_none valign_top\"><div class=\"w-hwrapper usg_hwrapper_2 has_text_color align_none valign_middle wrap\" style=\"--hwrapper-gap:1.20rem\"><div class=\"w-post-elm post_taxonomy usg_post_taxonomy_1 style_badge color_link_inherit\"><a class=\"w-btn us-btn-style_3 term-25 term-news\" href=\"https:\/\/cvlc.edu.vn\/en\/category\/news\/\"><span class=\"w-btn-label\">News<\/span><\/a><\/div><time class=\"w-post-elm post_date usg_post_date_1 has_text_color entry-date published\" datetime=\"2024-11-13T09:50:55+07:00\">13.11.2024<\/time><\/div><h3 class=\"w-post-elm post_title usg_post_title_1 has_text_color entry-title color_link_inherit\"><a href=\"https:\/\/cvlc.edu.vn\/en\/announcement-vietnamese-language-proficiency-test-for-december-2024\/\">ANNOUNCEMENT: Vietnamese Language Proficiency Test for December 2024<\/a><\/h3><\/div><\/div>\t\t<\/div>\r\n\t\t\t<\/article>\r\n<\/div><div class=\"w-grid-preloader\">\t<div class=\"g-preloader type_1\">\r\n\t\t<div><\/div>\r\n\t<\/div>\r\n\t<\/div>\t<div class=\"w-grid-json hidden\" onclick='return {&quot;action&quot;:&quot;us_ajax_grid&quot;,&quot;infinite_scroll&quot;:0,&quot;max_num_pages&quot;:6,&quot;pagination&quot;:&quot;none&quot;,&quot;template_vars&quot;:{&quot;columns&quot;:&quot;1&quot;,&quot;exclude_items&quot;:&quot;none&quot;,&quot;img_size&quot;:&quot;default&quot;,&quot;ignore_items_size&quot;:0,&quot;items_layout&quot;:&quot;296&quot;,&quot;items_offset&quot;:&quot;1&quot;,&quot;load_animation&quot;:&quot;none&quot;,&quot;overriding_link&quot;:&quot;{\\&quot;url\\&quot;:\\&quot;\\&quot;}&quot;,&quot;post_id&quot;:0,&quot;query_args&quot;:{&quot;post_type&quot;:[&quot;post&quot;],&quot;post_status&quot;:[&quot;publish&quot;],&quot;posts_per_page&quot;:&quot;3&quot;},&quot;orderby_query_args&quot;:{&quot;orderby&quot;:{&quot;date&quot;:&quot;DESC&quot;}},&quot;type&quot;:&quot;grid&quot;,&quot;us_grid_post_type&quot;:&quot;post&quot;,&quot;us_grid_ajax_index&quot;:1,&quot;us_grid_filter_query_string&quot;:null,&quot;us_grid_index&quot;:1,&quot;page_args&quot;:[],&quot;lang&quot;:&quot;en&quot;}}'><\/div>\r\n\t<\/div><div class=\"w-btn-wrapper align_center\"><a class=\"w-btn us-btn-style_2 us_custom_cdf14ffd\" href=\"\/en\/news\/\"><span class=\"w-btn-label\">Others<\/span><\/a><\/div><\/div><\/div><\/div><\/div><\/div><\/section><section class=\"l-section wpb_row height_large color_secondary\"><div class=\"l-section-h i-cf\"><div class=\"g-cols vc_row via_flex valign_top type_default stacking_default\"><div class=\"vc_col-sm-12 wpb_column vc_column_container\"><div class=\"vc_column-inner\"><div class=\"wpb_wrapper\"><h3 class=\"w-text us_custom_9b487ae5\"><span class=\"w-text-h\"><span class=\"w-text-value\">Vietnamese language courses<br \/>\nfor international students<\/span><\/span><\/h3><div class=\"g-cols wpb_row via_flex valign_top type_default stacking_default\"><div class=\"vc_col-sm-6 wpb_column vc_column_container has_bg_color\"><div class=\"vc_column-inner us_custom_f369b138\"><div class=\"wpb_wrapper\"><h4 class=\"w-text us_custom_df5f4c97 has_text_color\"><span class=\"w-text-h\"><span class=\"w-text-value\">Short Courses<\/span><\/span><\/h4><div class=\"w-btn-wrapper align_none\"><a class=\"w-btn us-btn-style_1\" href=\"\/en\/admissions\/classes-and-tuition\/\"><span class=\"w-btn-label\">more<\/span><\/a><\/div><\/div><\/div><\/div><div class=\"vc_col-sm-6 wpb_column vc_column_container has_bg_color\"><div class=\"vc_column-inner us_custom_f369b138\"><div class=\"wpb_wrapper\"><h4 class=\"w-text us_custom_df5f4c97 has_text_color\"><span class=\"w-text-h\"><span class=\"w-text-value\">Accelerated Courses<\/span><\/span><\/h4><div class=\"w-btn-wrapper align_none\"><a class=\"w-btn us-btn-style_1\" href=\"\/en\/admissions\/classes-and-tuition\/\"><span class=\"w-btn-label\">more<\/span><\/a><\/div><\/div><\/div><\/div><\/div><\/div><\/div><\/div><\/div><\/div><\/section>\n","protected":false},"excerpt":{"rendered":"The Center for Vietnamese Language and Culture announces the Vietnamese Language Proficiency Test for foreigners, scheduled for December 2024. Details as follows: Registration Period: November 13, 2024 to December 9, 2024. Official Exam Date: December 28, 2024. Reserve Date: December 29, 2024 (if required). Exam Location: BC Building, University of Social Sciences and Humanities, 336...","protected":false},"author":1,"featured_media":0,"parent":0,"menu_order":0,"comment_status":"closed","ping_status":"closed","template":"","meta":{"footnotes":""},"class_list":["post-8939","page","type-page","status-publish","hentry"],"yoast_head":"<!-- This site is optimized with the Yoast SEO plugin v24.1 - https:\/\/yoast.com\/wordpress\/plugins\/seo\/ -->\n<title>Center for Vietnamese Language and Culture | VLC<\/title>\n<meta name=\"robots\" content=\"index, follow, max-snippet:-1, max-image-preview:large, max-video-preview:-1\" \/>\n<link rel=\"canonical\" href=\"https:\/\/cvlc.edu.vn\/en\/\" \/>\n<meta property=\"og:locale\" content=\"en_US\" \/>\n<meta property=\"og:type\" content=\"article\" \/>\n<meta property=\"og:title\" content=\"Center for Vietnamese Language and Culture | VLC\" \/>\n<meta property=\"og:url\" content=\"https:\/\/cvlc.edu.vn\/en\/\" \/>\n<meta property=\"og:site_name\" content=\"VLC\" \/>\n<meta property=\"article:modified_time\" content=\"2024-03-17T15:57:44+00:00\" \/>\n<meta name=\"twitter:card\" content=\"summary_large_image\" \/>\n<meta name=\"twitter:label1\" content=\"Est. reading time\" \/>\n\t<meta name=\"twitter:data1\" content=\"8 minutes\" \/>\n<script type=\"application\/ld+json\" class=\"yoast-schema-graph\">{\"@context\":\"https:\/\/schema.org\",\"@graph\":[{\"@type\":\"WebPage\",\"@id\":\"https:\/\/cvlc.edu.vn\/en\/\",\"url\":\"https:\/\/cvlc.edu.vn\/en\/\",\"name\":\"Center for Vietnamese Language and Culture | VLC\",\"isPartOf\":{\"@id\":\"https:\/\/cvlc.edu.vn\/en\/#website\"},\"datePublished\":\"2021-12-03T10:12:08+00:00\",\"dateModified\":\"2024-03-17T15:57:44+00:00\",\"breadcrumb\":{\"@id\":\"https:\/\/cvlc.edu.vn\/en\/#breadcrumb\"},\"inLanguage\":\"en-US\",\"potentialAction\":[{\"@type\":\"ReadAction\",\"target\":[\"https:\/\/cvlc.edu.vn\/en\/\"]}]},{\"@type\":\"BreadcrumbList\",\"@id\":\"https:\/\/cvlc.edu.vn\/en\/#breadcrumb\",\"itemListElement\":[{\"@type\":\"ListItem\",\"position\":1,\"name\":\"Home\",\"item\":\"https:\/\/cvlc.edu.vn\/en\/\"},{\"@type\":\"ListItem\",\"position\":2,\"name\":\"Center for Vietnamese Language and Culture\"}]},{\"@type\":\"WebSite\",\"@id\":\"https:\/\/cvlc.edu.vn\/en\/#website\",\"url\":\"https:\/\/cvlc.edu.vn\/en\/\",\"name\":\"Trung t\u00e2m Ng\u00f4n ng\u1eef v\u00e0 V\u0103n ho\u00e1 Vi\u1ec7t Nam\",\"description\":\"Trung t\u00e2m Ng\u00f4n ng\u1eef v\u00e0 V\u0103n ho\u00e1 Vi\u1ec7t Nam\",\"alternateName\":\"cvlc.edu.vn\",\"potentialAction\":[{\"@type\":\"SearchAction\",\"target\":{\"@type\":\"EntryPoint\",\"urlTemplate\":\"https:\/\/cvlc.edu.vn\/en\/?s={search_term_string}\"},\"query-input\":{\"@type\":\"PropertyValueSpecification\",\"valueRequired\":true,\"valueName\":\"search_term_string\"}}],\"inLanguage\":\"en-US\"}]}<\/script>\n<!-- \/ Yoast SEO plugin. -->","yoast_head_json":{"title":"Center for Vietnamese Language and Culture | VLC","robots":{"index":"index","follow":"follow","max-snippet":"max-snippet:-1","max-image-preview":"max-image-preview:large","max-video-preview":"max-video-preview:-1"},"canonical":"https:\/\/cvlc.edu.vn\/en\/","og_locale":"en_US","og_type":"article","og_title":"Center for Vietnamese Language and Culture | VLC","og_url":"https:\/\/cvlc.edu.vn\/en\/","og_site_name":"VLC","article_modified_time":"2024-03-17T15:57:44+00:00","twitter_card":"summary_large_image","twitter_misc":{"Est. reading time":"8 minutes"},"schema":{"@context":"https:\/\/schema.org","@graph":[{"@type":"WebPage","@id":"https:\/\/cvlc.edu.vn\/en\/","url":"https:\/\/cvlc.edu.vn\/en\/","name":"Center for Vietnamese Language and Culture | VLC","isPartOf":{"@id":"https:\/\/cvlc.edu.vn\/en\/#website"},"datePublished":"2021-12-03T10:12:08+00:00","dateModified":"2024-03-17T15:57:44+00:00","breadcrumb":{"@id":"https:\/\/cvlc.edu.vn\/en\/#breadcrumb"},"inLanguage":"en-US","potentialAction":[{"@type":"ReadAction","target":["https:\/\/cvlc.edu.vn\/en\/"]}]},{"@type":"BreadcrumbList","@id":"https:\/\/cvlc.edu.vn\/en\/#breadcrumb","itemListElement":[{"@type":"ListItem","position":1,"name":"Home","item":"https:\/\/cvlc.edu.vn\/en\/"},{"@type":"ListItem","position":2,"name":"Center for Vietnamese Language and Culture"}]},{"@type":"WebSite","@id":"https:\/\/cvlc.edu.vn\/en\/#website","url":"https:\/\/cvlc.edu.vn\/en\/","name":"Trung t\u00e2m Ng\u00f4n ng\u1eef v\u00e0 V\u0103n ho\u00e1 Vi\u1ec7t Nam","description":"Trung t\u00e2m Ng\u00f4n ng\u1eef v\u00e0 V\u0103n ho\u00e1 Vi\u1ec7t Nam","alternateName":"cvlc.edu.vn","potentialAction":[{"@type":"SearchAction","target":{"@type":"EntryPoint","urlTemplate":"https:\/\/cvlc.edu.vn\/en\/?s={search_term_string}"},"query-input":{"@type":"PropertyValueSpecification","valueRequired":true,"valueName":"search_term_string"}}],"inLanguage":"en-US"}]}},"_links":{"self":[{"href":"https:\/\/cvlc.edu.vn\/en\/wp-json\/wp\/v2\/pages\/8939","targetHints":{"allow":["GET"]}}],"collection":[{"href":"https:\/\/cvlc.edu.vn\/en\/wp-json\/wp\/v2\/pages"}],"about":[{"href":"https:\/\/cvlc.edu.vn\/en\/wp-json\/wp\/v2\/types\/page"}],"author":[{"embeddable":true,"href":"https:\/\/cvlc.edu.vn\/en\/wp-json\/wp\/v2\/users\/1"}],"replies":[{"embeddable":true,"href":"https:\/\/cvlc.edu.vn\/en\/wp-json\/wp\/v2\/comments?post=8939"}],"version-history":[{"count":8,"href":"https:\/\/cvlc.edu.vn\/en\/wp-json\/wp\/v2\/pages\/8939\/revisions"}],"predecessor-version":[{"id":8990,"href":"https:\/\/cvlc.edu.vn\/en\/wp-json\/wp\/v2\/pages\/8939\/revisions\/8990"}],"wp:attachment":[{"href":"https:\/\/cvlc.edu.vn\/en\/wp-json\/wp\/v2\/media?parent=8939"}],"curies":[{"name":"wp","href":"https:\/\/api.w.org\/{rel}","templated":true}]}}